{"id":2503,"date":"2023-10-13T17:53:00","date_gmt":"2023-10-13T20:53:00","guid":{"rendered":"http:\/\/saudeplanetaria.iea.usp.br\/?page_id=2503"},"modified":"2025-01-14T15:17:31","modified_gmt":"2025-01-14T18:17:31","slug":"pomar-urbano","status":"publish","type":"page","link":"https:\/\/saudeplanetaria.iea.usp.br\/pt\/pomar-urbano\/","title":{"rendered":"Pomar Urbano"},"content":{"rendered":"<div id=\"pl-2503\"  class=\"panel-layout\" ><div id=\"pg-2503-0\"  class=\"panel-grid panel-has-style\" ><div class=\"siteorigin-panels-stretch panel-row-style panel-row-style-for-2503-0\" data-stretch-type=\"full-width-stretch\" ><div id=\"pgc-2503-0-0\"  class=\"panel-grid-cell\" ><div id=\"panel-2503-0-0-0\" class=\"so-panel widget widget_sow-hero panel-first-child panel-last-child\" data-index=\"0\" ><div\n\t\t\t\n\t\t\tclass=\"so-widget-sow-hero so-widget-sow-hero-default-a7e8cf997f2e-2503 so-widget-fittext-wrapper\"\n\t\t\t data-fit-text-compressor=\"0.85\"\n\t\t>\t\t\t\t<div class=\"sow-slider-base\" style=\"display: none\" tabindex=\"0\">\n\t\t\t\t\t<ul\n\t\t\t\t\tclass=\"sow-slider-images\"\n\t\t\t\t\tdata-settings=\"{&quot;pagination&quot;:true,&quot;speed&quot;:800,&quot;timeout&quot;:8000,&quot;paused&quot;:false,&quot;pause_on_hover&quot;:false,&quot;swipe&quot;:true,&quot;nav_always_show_desktop&quot;:&quot;&quot;,&quot;nav_always_show_mobile&quot;:&quot;&quot;,&quot;breakpoint&quot;:&quot;780px&quot;,&quot;unmute&quot;:false,&quot;anchor&quot;:null}\"\n\t\t\t\t\tstyle=\"min-height: 400px\"\t\t\t\t\tdata-anchor-id=\"\"\n\t\t\t\t>\t\t<li class=\"sow-slider-image  sow-slider-image-cover\" style=\"visibility: visible;;background-color: #333333;background-image: url(https:\/\/saudeplanetaria.iea.usp.br\/wp-content\/uploads\/sites\/581\/2023\/10\/Capa_Site_Pomar-Urbano.jpg)\" >\n\t\t\t\t\t<div class=\"sow-slider-image-container\">\n\t\t\t<div class=\"sow-slider-image-wrapper\">\n\t\t\t\t\t\t\t<\/div>\n\t\t<\/div>\n\t\t\t\t<\/li>\n\t\t<\/ul>\t\t\t\t<ol class=\"sow-slider-pagination\">\n\t\t\t\t\t\t\t\t\t\t\t<li><a href=\"#\" data-goto=\"0\" aria-label=\"Display slide 1\"><\/a><\/li>\n\t\t\t\t\t\t\t\t\t<\/ol>\n\n\t\t\t\t<div class=\"sow-slide-nav sow-slide-nav-next\">\n\t\t\t\t\t<a href=\"#\" data-goto=\"next\" aria-label=\"Next slide\" data-action=\"next\">\n\t\t\t\t\t\t<em class=\"sow-sld-icon-thin-right\"><\/em>\n\t\t\t\t\t<\/a>\n\t\t\t\t<\/div>\n\n\t\t\t\t<div class=\"sow-slide-nav sow-slide-nav-prev\">\n\t\t\t\t\t<a href=\"#\" data-goto=\"previous\" aria-label=\"Previous slide\" data-action=\"prev\">\n\t\t\t\t\t\t<em class=\"sow-sld-icon-thin-left\"><\/em>\n\t\t\t\t\t<\/a>\n\t\t\t\t<\/div>\n\t\t\t\t<\/div><\/div><\/div><\/div><\/div><\/div><div id=\"pg-2503-1\"  class=\"panel-grid panel-has-style\" ><div class=\"siteorigin-panels-stretch panel-row-style panel-row-style-for-2503-1\" id=\"services\" data-stretch-type=\"full\" ><div id=\"pgc-2503-1-0\"  class=\"panel-grid-cell\" ><div id=\"panel-2503-1-0-0\" class=\"widget_text so-panel widget widget_custom_html panel-first-child\" data-index=\"1\" ><div class=\"textwidget custom-html-widget\"><\/div><\/div><div id=\"panel-2503-1-0-1\" class=\"so-panel widget widget_sow-headline panel-last-child\" data-index=\"2\" ><div\n\t\t\t\n\t\t\tclass=\"so-widget-sow-headline so-widget-sow-headline-default-fc6bd54bfead-2503 so-widget-fittext-wrapper\"\n\t\t\t data-fit-text-compressor=\"0.85\"\n\t\t><div class=\"sow-headline-container \">\n\t\t\t\t\t\t\t<h1 class=\"sow-headline\">\n\t\t\t\t\t\tPomar Urbano\t\t\t\t\t\t<\/h1>\n\t\t\t\t\t\t\t\t\t\t\t<div class=\"decoration\">\n\t\t\t\t\t\t<div class=\"decoration-inside\"><\/div>\n\t\t\t\t\t<\/div>\n\t\t\t\t\t\t\t\t\t\t\t<p class=\"sow-sub-headline\">\n\t\t\t\t\t\tPomar Urbano \u00e9 um projeto focado no monitoramento de esp\u00e9cies de plantas frut\u00edferas em \u00e1reas urbanas de todo o Brasil. O principal objetivo desta iniciativa \u00e9 criar uma base de conhecimento abrangente sobre o momento e os locais de frutifica\u00e7\u00e3o e flora\u00e7\u00e3o de plantas frut\u00edferas nas cidades brasileiras. Muitas dessas plantas est\u00e3o localizadas em espa\u00e7os p\u00fablicos, como parques e cal\u00e7adas, oferecendo \u00e0s pessoas a oportunidade de desfrutar livremente dos benef\u00edcios que elas proporcionam. A urbaniza\u00e7\u00e3o apresenta consider\u00e1veis desafios sociais, especialmente em pa\u00edses emergentes, incluindo quest\u00f5es como escassez de alimentos, pobreza, deteriora\u00e7\u00e3o da sa\u00fade e do bem-estar humanos, polui\u00e7\u00e3o do ar e perda de biodiversidade. No entanto, mesmo em \u00e1reas urbanas extensas, como a da cidade de S\u00e3o Paulo, ainda existem amplos espa\u00e7os verdes nos quais uma diversidade de flora pode ser encontrada. Apesar da paisagem urbana, esses bols\u00f5es de vegeta\u00e7\u00e3o oferecem valiosas oportunidades para a aprecia\u00e7\u00e3o e a conserva\u00e7\u00e3o da natureza, contribuindo para a resili\u00eancia geral e a qualidade de vida no espa\u00e7o urbano. No projeto Pomar Urbano, a Ci\u00eancia Cidad\u00e3 foi adotada como abordagem colaborativa para envolver a sociedade no monitoramento das esp\u00e9cies. A pesquisa abrange uma ampla variedade de esp\u00e9cies de plantas frut\u00edferas (mais de 400), com \u00eanfase especial nas variedades nativas encontradas no Brasil. Para garantir uma ampla cobertura, o projeto abrange todas as 27 capitais estaduais do Brasil, incluindo o Distrito Federal. O processo de coleta de dados depende do uso do iNaturalist, uma plataforma de Ci\u00eancia Cidad\u00e3 com um modelo avan\u00e7ado de Vis\u00e3o Computacional para a identifica\u00e7\u00e3o de esp\u00e9cies por meio de fotografias enviadas.\t\t\t\t\t\t<\/p>\n\t\t\t\t\t\t<\/div>\n<\/div><\/div><\/div><\/div><\/div><div id=\"pg-2503-2\"  class=\"panel-grid panel-has-style\" ><div class=\"siteorigin-panels-stretch panel-row-style panel-row-style-for-2503-2\" id=\"services\" data-stretch-type=\"full\" ><div id=\"pgc-2503-2-0\"  class=\"panel-grid-cell\" ><div id=\"panel-2503-2-0-0\" class=\"so-panel widget widget_sow-headline panel-first-child panel-last-child\" data-index=\"3\" ><div\n\t\t\t\n\t\t\tclass=\"so-widget-sow-headline so-widget-sow-headline-default-a9dddd5e7c30-2503 so-widget-fittext-wrapper\"\n\t\t\t data-fit-text-compressor=\"0.85\"\n\t\t><div class=\"sow-headline-container \">\n\t\t\t\t\t\t\t<h1 class=\"sow-headline\">\n\t\t\t\t\t\tDestaques\t\t\t\t\t\t<\/h1>\n\t\t\t\t\t\t\t\t\t\t\t<div class=\"decoration\">\n\t\t\t\t\t\t<div class=\"decoration-inside\"><\/div>\n\t\t\t\t\t<\/div>\n\t\t\t\t\t<\/div>\n<\/div><\/div><\/div><\/div><\/div><div id=\"pg-2503-3\"  class=\"panel-grid panel-no-style\" ><div id=\"pgc-2503-3-0\"  class=\"panel-grid-cell\" ><div id=\"panel-2503-3-0-0\" class=\"so-panel widget widget_sow-image panel-first-child\" data-index=\"4\" ><div\n\t\t\t\n\t\t\tclass=\"so-widget-sow-image so-widget-sow-image-default-ad27ff908450-2503\"\n\t\t\t\n\t\t>\n<div class=\"sow-image-container\">\n\t\t\t<a href=\"https:\/\/www.inaturalist.org\/projects\/pomar-urbano\"\n\t\t\ttarget=\"_blank\" rel=\"noopener noreferrer\" \t\t>\n\t\t\t<img \n\tsrc=\"https:\/\/saudeplanetaria.iea.usp.br\/wp-content\/uploads\/sites\/581\/2023\/10\/mapa-pomar.png\" width=\"400\" height=\"400\" srcset=\"https:\/\/saudeplanetaria.iea.usp.br\/wp-content\/uploads\/sites\/581\/2023\/10\/mapa-pomar.png 751w, https:\/\/saudeplanetaria.iea.usp.br\/wp-content\/uploads\/sites\/581\/2023\/10\/mapa-pomar-300x238.png 300w, https:\/\/saudeplanetaria.iea.usp.br\/wp-content\/uploads\/sites\/581\/2023\/10\/mapa-pomar-400x318.png 400w\" sizes=\"(max-width: 400px) 100vw, 400px\" style=\"width: 400px; height: 400px;\" title=\"mapa pomar\" alt=\"\" \t\tclass=\"so-widget-image\"\/>\n\t\t\t<\/a><\/div>\n\n<\/div><\/div><div id=\"panel-2503-3-0-1\" class=\"so-panel widget widget_text panel-last-child\" data-index=\"5\" ><div class=\"panel-widget-style panel-widget-style-for-2503-3-0-1\" >\t\t\t<div class=\"textwidget\"><h3 class=\"q_team_name\" style=\"text-align: center;\"><a href=\"https:\/\/www.inaturalist.org\/projects\/pomar-urbano\">Mapa dos Pomares<\/a><\/h3>\n<\/div>\n\t\t<\/div><\/div><\/div><div id=\"pgc-2503-3-1\"  class=\"panel-grid-cell\" ><div id=\"panel-2503-3-1-0\" class=\"so-panel widget widget_sow-image panel-first-child\" data-index=\"6\" ><div\n\t\t\t\n\t\t\tclass=\"so-widget-sow-image so-widget-sow-image-default-ad27ff908450-2503\"\n\t\t\t\n\t\t>\n<div class=\"sow-image-container\">\n\t\t\t<a href=\"https:\/\/www.fsp.usp.br\/sustentarea\/comidaquesustenta\/\"\n\t\t\ttarget=\"_blank\" rel=\"noopener noreferrer\" \t\t>\n\t\t\t<img \n\tsrc=\"https:\/\/saudeplanetaria.iea.usp.br\/wp-content\/uploads\/sites\/581\/2023\/10\/logo.png\" width=\"400\" height=\"400\" srcset=\"https:\/\/saudeplanetaria.iea.usp.br\/wp-content\/uploads\/sites\/581\/2023\/10\/logo.png 249w, https:\/\/saudeplanetaria.iea.usp.br\/wp-content\/uploads\/sites\/581\/2023\/10\/logo-150x150.png 150w, https:\/\/saudeplanetaria.iea.usp.br\/wp-content\/uploads\/sites\/581\/2023\/10\/logo-174x174.png 174w, https:\/\/saudeplanetaria.iea.usp.br\/wp-content\/uploads\/sites\/581\/2023\/10\/logo-45x45.png 45w, https:\/\/saudeplanetaria.iea.usp.br\/wp-content\/uploads\/sites\/581\/2023\/10\/logo-200x200.png 200w\" sizes=\"(max-width: 249px) 100vw, 249px\" style=\"width: 400px; height: 400px;\" alt=\"\" \t\tclass=\"so-widget-image\"\/>\n\t\t\t<\/a><\/div>\n\n<\/div><\/div><div id=\"panel-2503-3-1-1\" class=\"so-panel widget widget_text panel-last-child\" data-index=\"7\" ><div class=\"panel-widget-style panel-widget-style-for-2503-3-1-1\" >\t\t\t<div class=\"textwidget\"><h3 class=\"q_team_name\" style=\"text-align: center;\"><a href=\"https:\/\/www.fsp.usp.br\/sustentarea\/comidaquesustenta\/\">Plataforma Inaturalist<\/a><\/h3>\n<\/div>\n\t\t<\/div><\/div><\/div><\/div><div id=\"pg-2503-4\"  class=\"panel-grid panel-no-style\" ><div id=\"pgc-2503-4-0\"  class=\"panel-grid-cell\" ><div id=\"panel-2503-4-0-0\" class=\"so-panel widget widget_sow-editor panel-first-child\" data-index=\"8\" ><div\n\t\t\t\n\t\t\tclass=\"so-widget-sow-editor so-widget-sow-editor-base\"\n\t\t\t\n\t\t>\n<div class=\"siteorigin-widget-tinymce textwidget\">\n\t<h2 style=\"text-align: left;\"><span style=\"color: #000000;\">MAIS<\/span><\/h2>\n<\/div>\n<\/div><\/div><div id=\"panel-2503-4-0-1\" class=\"widget_text so-panel widget widget_custom_html panel-last-child\" data-index=\"9\" ><div class=\"widget_text panel-widget-style panel-widget-style-for-2503-4-0-1\" ><div class=\"textwidget custom-html-widget\"><h2 style=\"text-align: left; color: #000000\"><strong>- Financiamento:<\/strong><\/h2>\n<h3 style=\"text-align: left; color: #000000\">O Pomar Urbano est\u00e1 sem fonte financiadora, por enquanto.<\/h3>\n\n<h2 style=\"text-align: left; color: #000000\"><strong>- Equipe:<\/strong><\/h2>\n\t<ul><h3 style=\"text-align: left; color: #000000\">\n\t\t<li>Antonio Mauro Saraiva<\/li>\n\t\t<li>Ana Carolina da Silva Lima<\/li>\n\t\t<li>Anand Gavai<\/li>\n\t\t<li>B\u00e1rbara Junqueira dos Santos<\/li>\n\t\t<li>Benildes Coura Moreira dos Santos Maculan<\/li>\n\t\t<li>Debora Pignatari Drucker<\/li>\n\t\t<li>Filipi Soares<\/li>\n\t\t<li>Hillary Dandara Elias Gabriel<\/li>\n\t\t<li>Isabela Prado Martins<\/li>\n\t\t<li>Karoline Reis de Almeida<\/li>\n\t\t<li>Lu\u00eds Ferreira Pires<\/li>\n\t\t<li>Maria Carolina Garcia<\/li>\n\t\t<li>Maria Clara Peres de Carvalho<\/li>\n\t\t<li>Natalia Pirani Ghilardi-Lopes<\/li>\n\t\t<li>Raquel Santiago<\/li>\n\t\t<li>Rubens Rangel Silva<\/li>\n\t\t<li>Sheina Koffler<\/li>\n\t\t<li>Stephanie Gabriele Mendon\u00e7a de Fran\u00e7a<\/li>\n\t\t<li>Uiara Bandineli Montedo<\/li>\n\t\t<li>Yamine Bouzembrak<\/li>\n\t\t<li>Ylana Elias Rodrigues<\/li>\n\t\t<\/h3>\n<\/ul>\n\n\n<h2 style=\"text-align: left; color: #000000\"><strong>- Contato:  <\/strong><\/h2>\n<h3 style=\"text-align: left; color: #000000\"><a href=\"mailto:filipisoares@usp.br \"> Enviar e-mail<\/a><\/h3>\n\n\n<\/div><\/div><\/div><\/div><\/div><div id=\"pg-2503-5\"  class=\"panel-grid panel-no-style\" ><div id=\"pgc-2503-5-0\"  class=\"panel-grid-cell\" ><div id=\"panel-2503-5-0-0\" class=\"widget_text so-panel widget widget_custom_html panel-first-child panel-last-child\" data-index=\"10\" ><div class=\"widget_text so-rounded panel-widget-style panel-widget-style-for-2503-5-0-0\" ><div class=\"textwidget custom-html-widget\"><h2 class=\"q_team_name\" style=\"text-align: center;\"><a href=\"https:\/\/www.inaturalist.org\/projects\/pomar-urbano\"><strong> Website do Pomar Urbano <\/strong><\/a><\/h2>\n\n<\/div><\/div><\/div><\/div><\/div><div id=\"pg-2503-6\"  class=\"panel-grid panel-has-style\" ><div class=\"siteorigin-panels-stretch panel-row-style panel-row-style-for-2503-6\" id=\"clients\" data-stretch-type=\"full\" ><div id=\"pgc-2503-6-0\"  class=\"panel-grid-cell\" ><div id=\"panel-2503-6-0-0\" class=\"so-panel widget widget_sow-headline panel-first-child panel-last-child\" data-index=\"11\" ><div\n\t\t\t\n\t\t\tclass=\"so-widget-sow-headline so-widget-sow-headline-default-f71cef8a6e28-2503 so-widget-fittext-wrapper\"\n\t\t\t data-fit-text-compressor=\"0.85\"\n\t\t><div class=\"sow-headline-container \">\n\t\t\t\t\t\t\t<h1 class=\"sow-headline\">\n\t\t\t\t\t\tRedes Sociais\t\t\t\t\t\t<\/h1>\n\t\t\t\t\t\t\t\t\t\t\t<div class=\"decoration\">\n\t\t\t\t\t\t<div class=\"decoration-inside\"><\/div>\n\t\t\t\t\t<\/div>\n\t\t\t\t\t<\/div>\n<\/div><\/div><\/div><\/div><\/div><div id=\"pg-2503-7\"  class=\"panel-grid panel-has-style\" ><div class=\"siteorigin-panels-stretch panel-row-style panel-row-style-for-2503-7\" data-stretch-type=\"full-width-stretch\" ><div id=\"pgc-2503-7-0\"  class=\"panel-grid-cell\" ><div id=\"panel-2503-7-0-0\" class=\"so-panel widget widget_sow-icon panel-first-child panel-last-child\" data-index=\"12\" ><div\n\t\t\t\n\t\t\tclass=\"so-widget-sow-icon so-widget-sow-icon-default-f7fdbf8c513a-2503\"\n\t\t\t\n\t\t>\n<div class=\"sow-icon-container sow-icon\">\n\t\t\t<a href=\"https:\/\/instagram.com\/pomarurbanobrasil?igshid=MzRlODBiNWFlZA==\" \n\t\ttarget=\"_blank\" rel=\"noopener noreferrer\"\t\t>\n\t\t\t<span class=\"sow-icon-ionicons\" data-sow-icon=\"&#xf351;\"\n\t\t \n\t\taria-hidden=\"true\"><\/span>\t\t\t<\/a>\n\t<\/div>\n<\/div><\/div><\/div><div id=\"pgc-2503-7-1\"  class=\"panel-grid-cell\" ><div id=\"panel-2503-7-1-0\" class=\"so-panel widget widget_sow-icon panel-first-child panel-last-child\" data-index=\"13\" ><div\n\t\t\t\n\t\t\tclass=\"so-widget-sow-icon so-widget-sow-icon-default-f7fdbf8c513a-2503\"\n\t\t\t\n\t\t>\n<div class=\"sow-icon-container sow-icon\">\n\t\t\t<a href=\"https:\/\/www.facebook.com\/pomarurbanobrasil\" \n\t\t\t\t>\n\t\t\t<span class=\"sow-icon-ionicons\" data-sow-icon=\"&#xf231;\"\n\t\t \n\t\taria-hidden=\"true\"><\/span>\t\t\t<\/a>\n\t<\/div>\n<\/div><\/div><\/div><\/div><\/div><\/div>","protected":false},"excerpt":{"rendered":"<p>Pomar Urbano Pomar Urbano \u00e9 um projeto focado no monitoramento de esp\u00e9cies de plantas frut\u00edferas em \u00e1reas urbanas de todo o Brasil. O principal objetivo desta iniciativa \u00e9 criar uma base de conhecimento abrangente sobre o momento e os locais de frutifica\u00e7\u00e3o e flora\u00e7\u00e3o de plantas frut\u00edferas nas cidades brasileiras. Muitas dessas plantas est\u00e3o localizadas<a href=\"https:\/\/saudeplanetaria.iea.usp.br\/pt\/pomar-urbano\/\">[&#8230;]<\/a><\/p>\n","protected":false},"author":23586,"featured_media":0,"parent":0,"menu_order":0,"comment_status":"closed","ping_status":"closed","template":"template-fullwidth-no-title.php","meta":{"_monsterinsights_skip_tracking":false,"_monsterinsights_sitenote_active":false,"_monsterinsights_sitenote_note":"","_monsterinsights_sitenote_category":0,"footnotes":"","_links_to":"","_links_to_target":""},"class_list":["post-2503","page","type-page","status-publish","hentry"],"_links":{"self":[{"href":"https:\/\/saudeplanetaria.iea.usp.br\/pt\/wp-json\/wp\/v2\/pages\/2503","targetHints":{"allow":["GET"]}}],"collection":[{"href":"https:\/\/saudeplanetaria.iea.usp.br\/pt\/wp-json\/wp\/v2\/pages"}],"about":[{"href":"https:\/\/saudeplanetaria.iea.usp.br\/pt\/wp-json\/wp\/v2\/types\/page"}],"author":[{"embeddable":true,"href":"https:\/\/saudeplanetaria.iea.usp.br\/pt\/wp-json\/wp\/v2\/users\/23586"}],"replies":[{"embeddable":true,"href":"https:\/\/saudeplanetaria.iea.usp.br\/pt\/wp-json\/wp\/v2\/comments?post=2503"}],"version-history":[{"count":4,"href":"https:\/\/saudeplanetaria.iea.usp.br\/pt\/wp-json\/wp\/v2\/pages\/2503\/revisions"}],"predecessor-version":[{"id":3362,"href":"https:\/\/saudeplanetaria.iea.usp.br\/pt\/wp-json\/wp\/v2\/pages\/2503\/revisions\/3362"}],"wp:attachment":[{"href":"https:\/\/saudeplanetaria.iea.usp.br\/pt\/wp-json\/wp\/v2\/media?parent=2503"}],"curies":[{"name":"wp","href":"https:\/\/api.w.org\/{rel}","templated":true}]}}