{"id":260,"date":"2019-08-02T17:48:42","date_gmt":"2019-08-02T19:48:42","guid":{"rendered":"https:\/\/sites.usp.br\/planetaryhealth\/?page_id=260"},"modified":"2025-02-12T12:13:54","modified_gmt":"2025-02-12T15:13:54","slug":"o-que-e-saude-planetaria","status":"publish","type":"page","link":"https:\/\/saudeplanetaria.iea.usp.br\/pt\/o-que-e-saude-planetaria\/","title":{"rendered":"O que \u00e9 Sa\u00fade Planet\u00e1ria?"},"content":{"rendered":"<p>Em 2015, a Rockefeller Foundation e a renomada revista cient\u00edfica The Lancet,\u00a0patrocinaram a escrita e publica\u00e7\u00e3o do relat\u00f3rio denominado &#8220;<em><a href=\"https:\/\/www.thelancet.com\/journals\/lancet\/article\/PIIS0140-6736(15)60901-1\/fulltext\" target=\"_blank\" rel=\"noopener noreferrer\">Safeguarding human health\u00a0in the Anthropocene epoch: report of The Rockefeller Foundation\u2013Lancet Commission on\u00a0planetary health<\/a><\/em>&#8221; (Whitmee et al. 2015). No mesmo ano, em esfor\u00e7o conjunto in\u00e9dito a\u00a0Organiza\u00e7\u00e3o Mundial de Sa\u00fade e o Secretariado da Conven\u00e7\u00e3o da Diversidade Biol\u00f3gica,\u00a0publicam, com mais de uma centena de colaboradores \u201c<em><a href=\"https:\/\/stg-wedocs.unep.org\/bitstream\/handle\/20.500.11822\/7508\/-Connecting_Global_Priorities_Biodiversity_and_Human_Health-2015Connecting-Global-Priorities-Biodiversity-and-Human-Health_2015.pdf.pdf?sequence=3\" target=\"_blank\" rel=\"noopener noreferrer\">Connecting global priorities:\u00a0biodiversity and human health: a state of knowledge review<\/a><\/em>\u201d, que passa a nortear a\u00e7\u00f5es\u00a0conjuntas futuras. Os textos abordam de maneira abrangente, clara e direta o impacto sem\u00a0precedentes dos humanos nos ecossistemas e os riscos que isso acarreta para a\u00a0sobreviv\u00eancia da pr\u00f3pria civiliza\u00e7\u00e3o humana. Este per\u00edodo em que a\u00a0 humanidade passou a\u00a0ser o principal agente das mudan\u00e7as no planeta tem sido chamado de Antropoceno.<\/p>\n<p>Estes estudos contribu\u00edram para a estrutura\u00e7\u00e3o de um campo emergente de\u00a0pesquisa: a <strong>sa\u00fade planet\u00e1ria<\/strong>. Estimulado pela vis\u00e3o sist\u00eamica desses relat\u00f3rios seminais,\u00a0este novo campo aborda problema contempor\u00e2neo muito concreto e urgente: compreender,\u00a0quantificar e agir para reverter os efeitos do crescimento da popula\u00e7\u00e3o humana e da\u00a0acelera\u00e7\u00e3o das atividades socioecon\u00f4micas sobre o ambiente que ao gerar perturba\u00e7\u00f5es\u00a0dos ecossistemas naturais da Terra, por sua vez, impactam, retroativamente, a sa\u00fade e o\u00a0bem-estar humanos.<\/p>\n<p>As perturba\u00e7\u00f5es antr\u00f3picas nos ecossistemas naturais se caracterizam por mudan\u00e7as no clima, no uso da terra, altera\u00e7\u00f5es no ciclo de nitrog\u00eanio e f\u00f3sforo, polui\u00e7\u00e3o\u00a0qu\u00edmica do solo, \u00e1gua e ar, redu\u00e7\u00e3o na disponibilidade de \u00e1gua pot\u00e1vel, perda da biodiversidade, destrui\u00e7\u00e3o da camada de oz\u00f4nio, acidifica\u00e7\u00e3o dos oceanos, entre outras. Os\u00a0relat\u00f3rios tamb\u00e9m abordam as consequ\u00eancias dessas perturba\u00e7\u00f5es ecossist\u00eamicas no\u00a0sentido inverso, sobre a sa\u00fade e bem-estar da humanidade, com surgimento de novas\u00a0doen\u00e7as, agravamento das doen\u00e7as infecciosas e aumento das doen\u00e7as cr\u00f4nicas n\u00e3o\u00a0transmiss\u00edveis relacionadas \u00e0 deteriora\u00e7\u00e3o do sistema alimentar vigente, hiper-urbaniza\u00e7\u00e3o,\u00a0resist\u00eancia microbiana, migra\u00e7\u00f5es clim\u00e1ticas e conflitos por recursos naturais, entre outros.<\/p>\n<p>A Sa\u00fade Planet\u00e1ria \u00e9, portanto, um novo esfor\u00e7o para tratar a quest\u00e3o da\u00a0sustentabilidade e da vida humana no planeta sob \u00f3tica cada vez mais integrativa,\u00a0transdisciplinar e global, j\u00e1 que os problemas desta crise planet\u00e1ria transpassam fronteiras geopol\u00edticas, delimita\u00e7\u00f5es acad\u00eamicas e afetam a humanidade como um todo.<\/p>\n","protected":false},"excerpt":{"rendered":"<p>Em 2015, a Rockefeller Foundation e a renomada revista cient\u00edfica The Lancet,\u00a0patrocinaram a escrita e publica\u00e7\u00e3o do relat\u00f3rio denominado &#8220;Safeguarding human health\u00a0in the Anthropocene epoch: report of The Rockefeller Foundation\u2013Lancet Commission on\u00a0planetary health&#8221; (Whitmee et al. 2015). No mesmo ano, em esfor\u00e7o conjunto in\u00e9dito a\u00a0Organiza\u00e7\u00e3o Mundial de Sa\u00fade e o Secretariado da Conven\u00e7\u00e3o da Diversidade<a href=\"https:\/\/saudeplanetaria.iea.usp.br\/pt\/o-que-e-saude-planetaria\/\">[&#8230;]<\/a><\/p>\n","protected":false},"author":1109,"featured_media":0,"parent":0,"menu_order":0,"comment_status":"closed","ping_status":"closed","template":"template-fullwidth.php","meta":{"_monsterinsights_skip_tracking":false,"_monsterinsights_sitenote_active":false,"_monsterinsights_sitenote_note":"","_monsterinsights_sitenote_category":0,"footnotes":"","_links_to":"","_links_to_target":""},"class_list":["post-260","page","type-page","status-publish","hentry"],"_links":{"self":[{"href":"https:\/\/saudeplanetaria.iea.usp.br\/pt\/wp-json\/wp\/v2\/pages\/260","targetHints":{"allow":["GET"]}}],"collection":[{"href":"https:\/\/saudeplanetaria.iea.usp.br\/pt\/wp-json\/wp\/v2\/pages"}],"about":[{"href":"https:\/\/saudeplanetaria.iea.usp.br\/pt\/wp-json\/wp\/v2\/types\/page"}],"author":[{"embeddable":true,"href":"https:\/\/saudeplanetaria.iea.usp.br\/pt\/wp-json\/wp\/v2\/users\/1109"}],"replies":[{"embeddable":true,"href":"https:\/\/saudeplanetaria.iea.usp.br\/pt\/wp-json\/wp\/v2\/comments?post=260"}],"version-history":[{"count":5,"href":"https:\/\/saudeplanetaria.iea.usp.br\/pt\/wp-json\/wp\/v2\/pages\/260\/revisions"}],"predecessor-version":[{"id":3789,"href":"https:\/\/saudeplanetaria.iea.usp.br\/pt\/wp-json\/wp\/v2\/pages\/260\/revisions\/3789"}],"wp:attachment":[{"href":"https:\/\/saudeplanetaria.iea.usp.br\/pt\/wp-json\/wp\/v2\/media?parent=260"}],"curies":[{"name":"wp","href":"https:\/\/api.w.org\/{rel}","templated":true}]}}