{"id":262,"date":"2019-08-02T17:49:09","date_gmt":"2019-08-02T19:49:09","guid":{"rendered":"https:\/\/sites.usp.br\/planetaryhealth\/?page_id=262"},"modified":"2025-01-14T15:11:05","modified_gmt":"2025-01-14T18:11:05","slug":"historico","status":"publish","type":"page","link":"https:\/\/saudeplanetaria.iea.usp.br\/pt\/historico\/","title":{"rendered":"Hist\u00f3rico"},"content":{"rendered":"O Planetary Health Report (como o relat\u00f3rio ficou conhecido) deu origem a um\u00a0movimento internacional, que envolve pesquisas, educa\u00e7\u00e3o, transla\u00e7\u00e3o do conhecimento\u00a0com impacto em pol\u00edticas, produtos, processos, em todos os setores da sociedade.\u00a0Resultou, por exemplo, na cria\u00e7\u00e3o de uma alian\u00e7a internacional (The Planetary Health\u00a0Alliance), em um evento anual (Planetary Health Annual Meeting) na cria\u00e7\u00e3o de c\u00e1tedras\u00a0nesse tema em universidades pelo mundo (como em Harvard, Sidney e Oxford), e em\u00a0peri\u00f3dico cient\u00edfico especializado (The Lancet Planetary Health).<\/p>\n<p>A USP promoveu, por meio do N\u00facleo de Pesquisa em Biodiversidade e Computa\u00e7\u00e3o (BioComp), e com o apoio da Pr\u00f3-Reitoria de Pesquisa, o lan\u00e7amento do\u00a0Planetary Health Report no Brasil, com participa\u00e7\u00e3o de um de seus principais articulares e autor, Sir Andy Haines, da London School of Hygiene and Tropical Medicine. No mesmo\u00a0evento foi, tamb\u00e9m, lan\u00e7ado o relat\u00f3rio &#8220;Connecting Global Priorities: Biodiversity and\u00a0Human Health&#8221; de Romanelli et al. (2015) promovido pela Organiza\u00e7\u00e3o Mundial da Sa\u00fade\u00a0(OMS-ONU), Conven\u00e7\u00e3o da Diversidade Biol\u00f3gica (CDB-ONU) e Programa das Na\u00e7\u00f5es Unidas para o Meio Ambiente (PNUMA), com participa\u00e7\u00e3o de um de seus principais articuladores, Dr. Braulio Ferreira de Souza Dias, que na \u00e9poca era o secret\u00e1rio executivo da CDB-ONU. O evento ocorreu em setembro de 2015, poucos meses depois do seu\u00a0lan\u00e7amento global.<\/p>\n<p>Como repercuss\u00e3o, a USP foi convidada a fazer parte da Planetary Health Alliance,\u00a0que estava sendo criada, liderada pela Harvard University e nela sediada, apoiada\u00a0pela Rockefeller Foundation. Desde ent\u00e3o, a USP participou dos eventos anuais da PHA,\u00a0em 2017 em Cambridge, e em 2018, em Edinburgh, e foi estimulada a assumir um papel de\u00a0articula\u00e7\u00e3o na Am\u00e9rica Latina. Foi criado, ent\u00e3o, na Planetary Health Online Community,\u00a0ferramenta online de colabora\u00e7\u00e3o da PHA, um hub Planetary Health Latin America &amp;\u00a0Caribbean, sob a lideran\u00e7a da USP. Em 2019, a USP foi convidada a assumir uma posi\u00e7\u00e3o\u00a0no Steering Committee da PHA.<\/p>\n<p>A cria\u00e7\u00e3o deste grupo no Instituto de Estudo Avan\u00e7ados da USP visa realizar\u00a0estudos relativos ao tema da Sa\u00fade Planet\u00e1ria, articulando tamb\u00e9m os grupos,\u00a0pesquisadores e atividades j\u00e1 existentes na Universidade, de modo a contribuir na solu\u00e7\u00e3o dos problemas atuais que o planeta e a sociedade enfrentam. Visa ainda dar\u00a0prosseguimento \u00e0 participa\u00e7\u00e3o pioneira da USP nesse movimento, simultaneamente, no\u00a0Brasil, Am\u00e9rica Latina e Caribe. Para isso conta com a grande comunidade de atores que\u00a0est\u00e3o intrinsecamente ligados ao tema dentro da pr\u00f3pria USP, nas diversas \u00e1reas do\u00a0conhecimento envolvidas no conceito de sa\u00fade planet\u00e1ria, como medicina, sa\u00fade p\u00fablica,\u00a0meio ambiente, educa\u00e7\u00e3o, ci\u00eancias sociais, engenharias, economia, direito, entre outras.\u00a0Contar\u00e1, tamb\u00e9m, com in\u00fameros parceiros relevantes no Brasil e do exterior, com muitos\u00a0dos quais a USP j\u00e1 interage.","protected":false},"excerpt":{"rendered":"<p>O Planetary Health Report (como o relat\u00f3rio ficou conhecido) deu origem a um\u00a0movimento internacional, que envolve pesquisas, educa\u00e7\u00e3o, transla\u00e7\u00e3o do conhecimento\u00a0com impacto em pol\u00edticas, produtos, processos, em todos os setores da sociedade.\u00a0Resultou, por exemplo, na cria\u00e7\u00e3o de uma alian\u00e7a internacional (The Planetary Health\u00a0Alliance), em um evento anual (Planetary Health Annual Meeting) na cria\u00e7\u00e3o de c\u00e1tedras\u00a0nesse<a href=\"https:\/\/saudeplanetaria.iea.usp.br\/pt\/historico\/\">[&#8230;]<\/a><\/p>\n","protected":false},"author":1109,"featured_media":0,"parent":0,"menu_order":0,"comment_status":"closed","ping_status":"closed","template":"template-fullwidth.php","meta":{"_monsterinsights_skip_tracking":false,"_monsterinsights_sitenote_active":false,"_monsterinsights_sitenote_note":"","_monsterinsights_sitenote_category":0,"footnotes":"","_links_to":"","_links_to_target":""},"class_list":["post-262","page","type-page","status-publish","hentry"],"_links":{"self":[{"href":"https:\/\/saudeplanetaria.iea.usp.br\/pt\/wp-json\/wp\/v2\/pages\/262","targetHints":{"allow":["GET"]}}],"collection":[{"href":"https:\/\/saudeplanetaria.iea.usp.br\/pt\/wp-json\/wp\/v2\/pages"}],"about":[{"href":"https:\/\/saudeplanetaria.iea.usp.br\/pt\/wp-json\/wp\/v2\/types\/page"}],"author":[{"embeddable":true,"href":"https:\/\/saudeplanetaria.iea.usp.br\/pt\/wp-json\/wp\/v2\/users\/1109"}],"replies":[{"embeddable":true,"href":"https:\/\/saudeplanetaria.iea.usp.br\/pt\/wp-json\/wp\/v2\/comments?post=262"}],"version-history":[{"count":5,"href":"https:\/\/saudeplanetaria.iea.usp.br\/pt\/wp-json\/wp\/v2\/pages\/262\/revisions"}],"predecessor-version":[{"id":3360,"href":"https:\/\/saudeplanetaria.iea.usp.br\/pt\/wp-json\/wp\/v2\/pages\/262\/revisions\/3360"}],"wp:attachment":[{"href":"https:\/\/saudeplanetaria.iea.usp.br\/pt\/wp-json\/wp\/v2\/media?parent=262"}],"curies":[{"name":"wp","href":"https:\/\/api.w.org\/{rel}","templated":true}]}}