{"id":2938,"date":"2025-02-07T01:18:22","date_gmt":"2025-02-07T04:18:22","guid":{"rendered":"http:\/\/saudeplanetaria.iea.usp.br\/?page_id=2938"},"modified":"2025-11-06T09:49:22","modified_gmt":"2025-11-06T12:49:22","slug":"membros","status":"publish","type":"page","link":"https:\/\/saudeplanetaria.iea.usp.br\/pt\/membros\/","title":{"rendered":"Membros"},"content":{"rendered":"<div id=\"pl-2938\"  class=\"panel-layout\" ><div id=\"pg-2938-0\"  class=\"panel-grid panel-no-style\" ><div id=\"pgc-2938-0-0\"  class=\"panel-grid-cell\" ><div id=\"panel-2938-0-0-0\" class=\"so-panel widget widget_sow-editor panel-first-child panel-last-child\" data-index=\"0\" ><div\n\t\t\t\n\t\t\tclass=\"so-widget-sow-editor so-widget-sow-editor-base\"\n\t\t\t\n\t\t>\n<div class=\"siteorigin-widget-tinymce textwidget\">\n\t<h1 style=\"color: black; margin: 30px 0;\">Membros<\/h1>\n<p style=\"text-align: left;\"><span style=\"color: #6b6a6a;\">\u25cb <a style=\"color: #6b6a6a;\" href=\"https:\/\/lattes.cnpq.br\/2762761928704612\">Airton Tetelbom Stein<\/a><\/span><br \/>\n<span style=\"color: #6b6a6a;\">\u25cb Alex da Silva Sousa<\/span><br \/>\n<span style=\"color: #6b6a6a;\">\u25cb <a style=\"color: #6b6a6a;\" href=\"https:\/\/lattes.cnpq.br\/7356382923034016\">Alex Henrique Brasil Bri\u00e3o de Oliveira<\/a><\/span><br \/>\n<span style=\"color: #6b6a6a;\">\u25cb <a style=\"color: #6b6a6a;\" href=\"https:\/\/lattes.cnpq.br\/1201079310363734\">Alexandre Cl\u00e1udio Botazzo Delbem<\/a><\/span><br \/>\n<span style=\"color: #6b6a6a;\">\u25cb <a style=\"color: #6b6a6a;\" href=\"http:\/\/lattes.cnpq.br\/2608595898848464\">Aline Martins de Carvalho<\/a><\/span><br \/>\n<span style=\"color: #6b6a6a;\">\u25cb <a style=\"color: #6b6a6a;\" href=\"http:\/\/lattes.cnpq.br\/9487451664505901\">Alisson Diego Machado<\/a><\/span><br \/>\n<span style=\"color: #6b6a6a;\">\u25cb Ana Fl\u00e1via Barros-Platiau<\/span><br \/>\n<span style=\"color: #6b6a6a;\">\u25cb <a style=\"color: #6b6a6a;\" href=\"http:\/\/lattes.cnpq.br\/6804691698089271\">Ana Maria Fonseca Zampieri<\/a><\/span><br \/>\n<span style=\"color: #6b6a6a;\">\u25cb Ana Rosa de Oliveira<\/span><br \/>\n<span style=\"color: #6b6a6a;\">\u25cb <a style=\"color: #6b6a6a;\" href=\"http:\/\/lattes.cnpq.br\/5668033120368524\">Ana Sfoggia<\/a><\/span><br \/>\n<span style=\"color: #6b6a6a;\">\u25cb <a style=\"color: #6b6a6a;\" href=\"http:\/\/lattes.cnpq.br\/5289799037730089\">Andre Luis Acosta<\/a><\/span><br \/>\n<span style=\"color: #6b6a6a;\">\u25cb <a style=\"color: #6b6a6a;\" href=\"http:\/\/lattes.cnpq.br\/7124502498175041\">Andrea Lanza Cordeiro de Souza<\/a><\/span><br \/>\n<span style=\"color: #6b6a6a;\">\u25cb <a style=\"color: #6b6a6a;\" href=\"https:\/\/lattes.cnpq.br\/0488852699253878\">Antonio Anax Falc\u00e3o de Oliveira<\/a><\/span><br \/>\n<span style=\"color: #6b6a6a;\">\u25cb <a style=\"color: #6b6a6a;\" href=\"https:\/\/lattes.cnpq.br\/4669039745878181\">Antonio Luiz Rodrigues Junior<\/a><\/span><br \/>\n<span style=\"color: #6b6a6a;\">\u25cb <a style=\"color: #6b6a6a;\" href=\"http:\/\/lattes.cnpq.br\/0725312844547101\">Antonio Mauro Saraiva<\/a><\/span><br \/>\n<span style=\"color: #6b6a6a;\">\u25cb <a style=\"color: #6b6a6a;\" href=\"http:\/\/lattes.cnpq.br\/0734141473933294\">Beatriz Sinelli Laham<\/a><\/span><br \/>\n<span style=\"color: #6b6a6a;\">\u25cb Braulio Ferreira de Souza Dias<\/span><br \/>\n<span style=\"color: #6b6a6a;\">\u25cb <a style=\"color: #6b6a6a;\" href=\"http:\/\/lattes.cnpq.br\/8196245160555713\">Brenda Chaves Coelho Leite<\/a><\/span><br \/>\n<span style=\"color: #6b6a6a;\">\u25cb <a style=\"color: #6b6a6a;\" href=\"http:\/\/lattes.cnpq.br\/2729012989571213\">Bruno de Carvalho Albertini<\/a><\/span><br \/>\n<span style=\"color: #6b6a6a;\">\u25cb <a style=\"color: #6b6a6a;\" href=\"http:\/\/lattes.cnpq.br\/7324746974187472\">Bruno Meirelles Oliveira<\/a><\/span><br \/>\n<span style=\"color: #6b6a6a;\">\u25cb Camila Neves Soares Oliveira<\/span><br \/>\n<span style=\"color: #6b6a6a;\">\u25cb <a style=\"color: #6b6a6a;\" href=\"http:\/\/lattes.cnpq.br\/6938887227461878\">Carina Ulsen<\/a><\/span><br \/>\n<span style=\"color: #6b6a6a;\">\u25cb Carla Paranaiba de Assump\u00e7\u00e3o Cury<\/span><br \/>\n<span style=\"color: #6b6a6a;\">\u25cb Carlos Roberto Prudencio<\/span><br \/>\n<span style=\"color: #6b6a6a;\">\u25cb <a style=\"color: #6b6a6a;\" href=\"http:\/\/lattes.cnpq.br\/9656448829564574\">Celso Oviedo da Silva Lopes <\/a><\/span><br \/>\n<span style=\"color: #6b6a6a;\">\u25cb <a style=\"color: #6b6a6a;\" href=\"http:\/\/lattes.cnpq.br\/4224965122240993\">Daniela de Ara\u00fajo Vianna <\/a><\/span><br \/>\n<span style=\"color: #6b6a6a;\">\u25cb Danilo Lessa Bernardineli<\/span><br \/>\n<span style=\"color: #6b6a6a;\">\u25cb Danilo Oliveira Vaz<\/span><br \/>\n<span style=\"color: #6b6a6a;\">\u25cb <a style=\"color: #6b6a6a;\" href=\"http:\/\/lattes.cnpq.br\/9764445070503572\">David Moreno Sperling<\/a><\/span><br \/>\n<span style=\"color: #6b6a6a;\">\u25cb <a style=\"color: #6b6a6a;\" href=\"http:\/\/lattes.cnpq.br\/6782891501006399\">Debora Pignatari Drucker<\/a><\/span><br \/>\n<span style=\"color: #6b6a6a;\">\u25cb <a style=\"color: #6b6a6a;\" href=\"http:\/\/lattes.cnpq.br\/8846838825034067\">Denise Alves Fungaro<\/a><\/span><br \/>\n<span style=\"color: #6b6a6a;\">\u25cb <a style=\"color: #6b6a6a;\" href=\"http:\/\/lattes.cnpq.br\/9548839490246371\">Dh\u00e9ssica Lorrani Alves Antonio<\/a><\/span><br \/>\n<span style=\"color: #6b6a6a;\">\u25cb <a style=\"color: #6b6a6a;\" href=\"http:\/\/lattes.cnpq.br\/0812105606972007\">Diana Ferraz Junqueira<\/a><\/span><br \/>\n<span style=\"color: #6b6a6a;\">\u25cb <a style=\"color: #6b6a6a;\" href=\"https:\/\/lattes.cnpq.br\/9059164202721558\">Dirce Maria Lobo Marchioni<\/a><\/span><br \/>\n<span style=\"color: #6b6a6a;\">\u25cb <a style=\"color: #6b6a6a;\" href=\"http:\/\/lattes.cnpq.br\/4472211848481116\">Donovan Humphrey de Nardo Baptista Condessa Franco<\/a><\/span><br \/>\n<span style=\"color: #6b6a6a;\">\u25cb Edmilson Gon\u00e7alves dos Santos Batista<\/span><br \/>\n<span style=\"color: #6b6a6a;\">\u25cb <a style=\"color: #6b6a6a;\" href=\"http:\/\/lattes.cnpq.br\/6048165460402664\">Edmilson Rodrigo Daneze<\/a><\/span><br \/>\n<span style=\"color: #6b6a6a;\">\u25cb <a style=\"color: #6b6a6a;\" href=\"http:\/\/lattes.cnpq.br\/7461402172731854\">Edson Lucas Dosval Coelho<\/a><\/span><br \/>\n<span style=\"color: #6b6a6a;\">\u25cb <a style=\"color: #6b6a6a;\" href=\"http:\/\/lattes.cnpq.br\/2599161964711326\">Eduardo Augusto Colombo<\/a><\/span><br \/>\n<span style=\"color: #6b6a6a;\">\u25cb Eduardo de Masi<\/span><br \/>\n<span style=\"color: #6b6a6a;\">\u25cb <a style=\"color: #6b6a6a;\" href=\"http:\/\/lattes.cnpq.br\/5966392470702563\">Eduardo Mario Mendiondo<\/a><\/span><br \/>\n<span style=\"color: #6b6a6a;\">\u25cb Eduardo Viola<\/span><br \/>\n<span style=\"color: #6b6a6a;\">\u25cb <a style=\"color: #6b6a6a;\" href=\"http:\/\/lattes.cnpq.br\/3915546374060553\">Eleonora C. Zioni<\/a><\/span><br \/>\n<span style=\"color: #6b6a6a;\">\u25cb <a style=\"color: #6b6a6a;\" href=\"http:\/\/lattes.cnpq.br\/2587675313978865\">Elis Dionisio da Silva<\/a><\/span><br \/>\n<span style=\"color: #6b6a6a;\">\u25cb <a style=\"color: #6b6a6a;\" href=\"http:\/\/lattes.cnpq.br\/2813267867460570\">Eliseth Ribeiro Le\u00e3o <\/a><\/span><br \/>\n<span style=\"color: #6b6a6a;\">\u25cb <a style=\"color: #6b6a6a;\" href=\"http:\/\/lattes.cnpq.br\/1956836672548703\">Enrique Falceto de Barros<\/a><\/span><br \/>\n<span style=\"color: #6b6a6a;\">\u25cb Ester Cerdeira Sabino<\/span><br \/>\n<span style=\"color: #6b6a6a;\">\u25cb <a style=\"color: #6b6a6a;\" href=\"http:\/\/lattes.cnpq.br\/2701458226837454\">Evandro Carlos Nicolau<\/a><\/span><br \/>\n<span style=\"color: #6b6a6a;\">\u25cb <a style=\"color: #6b6a6a;\" href=\"http:\/\/lattes.cnpq.br\/9283102799113047\">F\u00e1bio Cunha Lofrano<\/a><\/span><br \/>\n<span style=\"color: #6b6a6a;\">\u25cb <a style=\"color: #6b6a6a;\" href=\"https:\/\/lattes.cnpq.br\/9167388395083288\">F\u00e1bio Kinker Caliendo Benzi<\/a><\/span><br \/>\n<span style=\"color: #6b6a6a;\">\u25cb Fernanda Lancellotti Schwarz<\/span><br \/>\n<span style=\"color: #6b6a6a;\">\u25cb <a style=\"color: #6b6a6a;\" href=\"http:\/\/lattes.cnpq.br\/1290270601346793\">Filipi Miranda Soares<\/a><\/span><br \/>\n<span style=\"color: #6b6a6a;\">\u25cb <a style=\"color: #6b6a6a;\" href=\"http:\/\/lattes.cnpq.br\/4889413058276292\">Flavia Mori Sarti<\/a><\/span><br \/>\n<span style=\"color: #6b6a6a;\">\u25cb <a style=\"color: #6b6a6a;\" href=\"http:\/\/lattes.cnpq.br\/4109555201433129\">Flavia Schwartzman<\/a><\/span><br \/>\n<span style=\"color: #6b6a6a;\">\u25cb Flavio Augusto de Souza Berchez<\/span><br \/>\n<span style=\"color: #6b6a6a;\">\u25cb <a style=\"color: #6b6a6a;\" href=\"http:\/\/lattes.cnpq.br\/7175431312779124\">Francinalva Dantas de Medeiros<\/a><\/span><br \/>\n<span style=\"color: #6b6a6a;\">\u25cb Francisco Chiaravalloti Neto<\/span><br \/>\n<span style=\"color: #6b6a6a;\">\u25cb <a style=\"color: #6b6a6a;\" href=\"https:\/\/lattes.cnpq.br\/6487633060907513\">Fraya Frehse<\/a><\/span><br \/>\n<span style=\"color: #6b6a6a;\">\u25cb Gabriel Ribeiro Borges<\/span><br \/>\n<span style=\"color: #6b6a6a;\">\u25cb <a style=\"color: #6b6a6a;\" href=\"http:\/\/lattes.cnpq.br\/8841677204568664\">Gerson Laurindo Barbosa<\/a><\/span><br \/>\n<span style=\"color: #6b6a6a;\">\u25cb <a style=\"color: #6b6a6a;\" href=\"http:\/\/lattes.cnpq.br\/8841677204568664\">Gilda Maria Palomo Correa Barbosa<\/a><\/span><br \/>\n<span style=\"color: #6b6a6a;\">\u25cb <a style=\"color: #6b6a6a;\" href=\"http:\/\/lattes.cnpq.br\/8687369242403611\">Giovanni Manassero Junior<\/a><\/span><br \/>\n<span style=\"color: #6b6a6a;\">\u25cb Giselle do Lago e Pretti<\/span><br \/>\n<span style=\"color: #6b6a6a;\">\u25cb Giulia Mariano Machado<\/span><br \/>\n<span style=\"color: #6b6a6a;\">\u25cb Grayce Helena Souza Domiciano<\/span><br \/>\n<span style=\"color: #6b6a6a;\">\u25cb <a style=\"color: #6b6a6a;\" href=\"http:\/\/lattes.cnpq.br\/2581092873891889\">Hector Gabriel Corrale de Matos<\/a><\/span><br \/>\n<span style=\"color: #6b6a6a;\">\u25cb <a style=\"color: #6b6a6a;\" href=\"http:\/\/lattes.cnpq.br\/2767698631441013\">Hugo Am\u00e9rico Rubert Schaedler<\/a><\/span><br \/>\n<span style=\"color: #6b6a6a;\">\u25cb <a style=\"color: #6b6a6a;\" href=\"http:\/\/lattes.cnpq.br\/5053671044436154\">Isabela Prado Martins<\/a><\/span><br \/>\n<span style=\"color: #6b6a6a;\">\u25cb Ivan da Cruz Nunes de Moraes<\/span><br \/>\n<span style=\"color: #6b6a6a;\">\u25cb Jason Davis<\/span><br \/>\n<span style=\"color: #6b6a6a;\">\u25cb Jean Paul Walter Metzger<\/span><br \/>\n<span style=\"color: #6b6a6a;\">\u25cb <a style=\"color: #6b6a6a;\" href=\"https:\/\/lattes.cnpq.br\/4067740242578686\">Jeyse Rani de Sales Nascimento <\/a><\/span><br \/>\n<span style=\"color: #6b6a6a;\">\u25cb Jo\u00e3o Amato Neto <\/span><br \/>\n<span style=\"color: #6b6a6a;\">\u25cb Jo\u00e3o Daniel Ferraz Santos<\/span><br \/>\n<span style=\"color: #6b6a6a;\">\u25cb <a style=\"color: #6b6a6a;\" href=\"http:\/\/lattes.cnpq.br\/8809085920840942\">Jo\u00e3o Miguel Di\u00f3genes de Ara\u00fajo Lima<\/a><\/span><br \/>\n<span style=\"color: #6b6a6a;\">\u25cb <a style=\"color: #6b6a6a;\" href=\"http:\/\/lattes.cnpq.br\/3903769285894597\">Jonathan Vicente dos Santos Ferreira<\/a><\/span><br \/>\n<span style=\"color: #6b6a6a;\">\u25cb <a style=\"color: #6b6a6a;\" href=\"https:\/\/lattes.cnpq.br\/9305856660866747\">Jos\u00e9 Renato S\u00e1tiro Santiago Junior<\/a><\/span><br \/>\n<span style=\"color: #6b6a6a;\">\u25cb <a style=\"color: #6b6a6a;\" href=\"http:\/\/lattes.cnpq.br\/7274726142793366\">Josiane Steluti<\/a><\/span><br \/>\n<span style=\"color: #6b6a6a;\">\u25cb <a style=\"color: #6b6a6a;\" href=\"https:\/\/lattes.cnpq.br\/3350166863853054\">Juarez Antonio Sim\u00f5es Quaresma<\/a><\/span><br \/>\n<span style=\"color: #6b6a6a;\">\u25cb Julia Luchesi<\/span><br \/>\n<span style=\"color: #6b6a6a;\">\u25cb <a style=\"color: #6b6a6a;\" href=\"http:\/\/lattes.cnpq.br\/5219489140266148\">Juliana Gatti Pereira Rodrigues<\/a><\/span><br \/>\n<span style=\"color: #6b6a6a;\">\u25cb <a style=\"color: #6b6a6a;\" href=\"http:\/\/lattes.cnpq.br\/1572277575298913\">Juliana Saragiotto Silva<\/a><\/span><br \/>\n<span style=\"color: #6b6a6a;\">\u25cb <a style=\"color: #6b6a6a;\" href=\"http:\/\/lattes.cnpq.br\/5433967267727516\">J\u00falio C\u00e9sar Estrella<\/a><\/span><br \/>\n<span style=\"color: #6b6a6a;\">\u25cb <a style=\"color: #6b6a6a;\" href=\"http:\/\/lattes.cnpq.br\/1875776630524928\">Julio Cesar Rosa<\/a><\/span><br \/>\n<span style=\"color: #6b6a6a;\">\u25cb Jurandyr Luciano Sanches Ross<\/span><br \/>\n<span style=\"color: #6b6a6a;\">\u25cb <a style=\"color: #6b6a6a;\" href=\"http:\/\/lattes.cnpq.br\/3932528180228584\">Karin Schmid<\/a><\/span><br \/>\n<span style=\"color: #6b6a6a;\">\u25cb <a style=\"color: #6b6a6a;\" href=\"http:\/\/lattes.cnpq.br\/5188541007452383\">Karina Pav\u00e3o Patricio<\/a><\/span><br \/>\n<span style=\"color: #6b6a6a;\">\u25cb <a style=\"color: #6b6a6a;\" href=\"http:\/\/lattes.cnpq.br\/5894768661755535\">Kayna Agostini<\/a><\/span><br \/>\n<span style=\"color: #6b6a6a;\">\u25cb <a style=\"color: #6b6a6a;\" href=\"http:\/\/lattes.cnpq.br\/1884785643431312\">Kristine Fahl Cahali<\/a><\/span><br \/>\n<span style=\"color: #6b6a6a;\">\u25cb Laura Kemmer<\/span><br \/>\n<span style=\"color: #6b6a6a;\">\u25cb Ligia Vizeu Barrozo<\/span><br \/>\n<span style=\"color: #6b6a6a;\">\u25cb <a style=\"color: #6b6a6a;\" href=\"https:\/\/lattes.cnpq.br\/1095461202409414\">Lincoln Suesdek<\/a><\/span><br \/>\n<span style=\"color: #6b6a6a;\">\u25cb <a style=\"color: #6b6a6a;\" href=\"https:\/\/lattes.cnpq.br\/9625466979021402\">Lucas Hernandes Corr\u00eaa<\/a><\/span><br \/>\n<span style=\"color: #6b6a6a;\">\u25cb <a style=\"color: #6b6a6a;\" href=\"http:\/\/lattes.cnpq.br\/4288118078173350\">Lucas Thiago Pereira da Silva<\/a><\/span><br \/>\n<span style=\"color: #6b6a6a;\">\u25cb <a style=\"color: #6b6a6a;\" href=\"http:\/\/lattes.cnpq.br\/9038187640203766\">Luis Gustavo Arruda <\/a><\/span><br \/>\n<span style=\"color: #6b6a6a;\">\u25cb <a style=\"color: #6b6a6a;\" href=\"http:\/\/lattes.cnpq.br\/5224710039315770\">Luiz Hespanhol<\/a><\/span><br \/>\n<span style=\"color: #6b6a6a;\">\u25cb <a style=\"color: #6b6a6a;\" href=\"http:\/\/lattes.cnpq.br\/2620449722890209\">Luiz Kulay<\/a><\/span><br \/>\n<span style=\"color: #6b6a6a;\">\u25cb <a style=\"color: #6b6a6a;\" href=\"https:\/\/lattes.cnpq.br\/9359831090013191\">Manoel Euz\u00e9bio de Souza<\/a><\/span><br \/>\n<span style=\"color: #6b6a6a;\">\u25cb <a style=\"color: #6b6a6a;\" href=\"http:\/\/lattes.cnpq.br\/6625691812673411\">Marcel Luis de Moraes Oliveira<\/a><\/span><br \/>\n<span style=\"color: #6b6a6a;\">\u25cb Marcel Sena Fernandes<\/span><br \/>\n<span style=\"color: #6b6a6a;\">\u25cb Marcia Chame<\/span><br \/>\n<span style=\"color: #6b6a6a;\">\u25cb <a style=\"color: #6b6a6a;\" href=\"http:\/\/lattes.cnpq.br\/3446553709584207\">Marcia Nunes Bandeira Roner<\/a><\/span><br \/>\n<span style=\"color: #6b6a6a;\">\u25cb Marco Antonio Martins<\/span><br \/>\n<span style=\"color: #6b6a6a;\">\u25cb Marco de Tubino Scanavino<\/span><br \/>\n<span style=\"color: #6b6a6a;\">\u25cb <a style=\"color: #6b6a6a;\" href=\"https:\/\/lattes.cnpq.br\/6874544707185541\">Marcos Antonio Simplicio Junior<\/a><\/span><br \/>\n<span style=\"color: #6b6a6a;\">\u25cb Maria Anice Mureb Sallum<\/span><br \/>\n<span style=\"color: #6b6a6a;\">\u25cb <a style=\"color: #6b6a6a;\" href=\"https:\/\/lattes.cnpq.br\/5136217690821399\">Maria Carolina Garcia<\/a><\/span><br \/>\n<span style=\"color: #6b6a6a;\">\u25cb <a style=\"color: #6b6a6a;\" href=\"http:\/\/lattes.cnpq.br\/8312788177166573\">Maria Cristina Santana Pereira<\/a><\/span><br \/>\n<span style=\"color: #6b6a6a;\">\u25cb <a style=\"color: #6b6a6a;\" href=\"http:\/\/lattes.cnpq.br\/3278439557698116\">Maria Paula de Albuquerque<\/a><\/span><br \/>\n<span style=\"color: #6b6a6a;\">\u25cb Maria Tereza Martins Ramos Lamberte<\/span><br \/>\n<span style=\"color: #6b6a6a;\">\u25cb Mariana Schamas Esposel<\/span><br \/>\n<span style=\"color: #6b6a6a;\">\u25cb <a style=\"color: #6b6a6a;\" href=\"http:\/\/lattes.cnpq.br\/1583258669814642\">Marilia Gabriela dos Santos<\/a><\/span><br \/>\n<span style=\"color: #6b6a6a;\">\u25cb <a style=\"color: #6b6a6a;\" href=\"http:\/\/lattes.cnpq.br\/5172875834848385\">Mauro Zilbovicius<\/a><\/span><br \/>\n<span style=\"color: #6b6a6a;\">\u25cb <a style=\"color: #6b6a6a;\" href=\"https:\/\/lattes.cnpq.br\/6745094778936874\">Miguel Angel Buelta Martinez<\/a><\/span><br \/>\n<span style=\"color: #6b6a6a;\">\u25cb <a style=\"color: #6b6a6a;\" href=\"http:\/\/lattes.cnpq.br\/8664864660527493\">Nancy de Castro Stoppe<\/a><\/span><br \/>\n<span style=\"color: #6b6a6a;\">\u25cb <a style=\"color: #6b6a6a;\" href=\"http:\/\/lattes.cnpq.br\/8457066927181345\">Natalia Pirani Ghilardi-Lopes<\/a><\/span><br \/>\n<span style=\"color: #6b6a6a;\">\u25cb Nataly Gardona<\/span><br \/>\n<span style=\"color: #6b6a6a;\">\u25cb Nathalia Scherer<\/span><br \/>\n<span style=\"color: #6b6a6a;\">\u25cb <a style=\"color: #6b6a6a;\" href=\"http:\/\/lattes.cnpq.br\/7831806910930755\">Nelson Gouveia<\/a><\/span><br \/>\n<span style=\"color: #6b6a6a;\">\u25cb Nelzair Araujo Vianna<\/span><br \/>\n<span style=\"color: #6b6a6a;\">\u25cb Nicole de Paula<\/span><br \/>\n<span style=\"color: #6b6a6a;\">\u25cb <a style=\"color: #6b6a6a;\" href=\"http:\/\/lattes.cnpq.br\/0211207947641011\">Olga Garcia Falceto<\/a><\/span><br \/>\n<span style=\"color: #6b6a6a;\">\u25cb <a style=\"color: #6b6a6a;\" href=\"http:\/\/lattes.cnpq.br\/8965517086949153\">Pablo Santos Lira<\/a><\/span><br \/>\n<span style=\"color: #6b6a6a;\">\u25cb Patr\u00edcia Iglecias<\/span><br \/>\n<span style=\"color: #6b6a6a;\">\u25cb Paulo Hil\u00e1rio Nascimento Saldiva<\/span><br \/>\n<span style=\"color: #6b6a6a;\">\u25cb <a style=\"color: #6b6a6a;\" href=\"http:\/\/lattes.cnpq.br\/8148257331980555\">Pedro de Alc\u00e2ntara Pessoa Filho<\/a><\/span><br \/>\n<span style=\"color: #6b6a6a;\">\u25cb Pedro Marques da Silva<\/span><br \/>\n<span style=\"color: #6b6a6a;\">\u25cb Priscilla Nunes Rezende<\/span><br \/>\n<span style=\"color: #6b6a6a;\">\u25cb Rafael Augusto Forti Perroni<\/span><br \/>\n<span style=\"color: #6b6a6a;\">\u25cb <a style=\"color: #6b6a6a;\" href=\"https:\/\/lattes.cnpq.br\/9946347686183631\">Rafaela Brugalli Zandavalli<\/a><\/span><br \/>\n<span style=\"color: #6b6a6a;\">\u25cb <a style=\"color: #6b6a6a;\" href=\"https:\/\/lattes.cnpq.br\/0424807117498265\">Raquel de A C Santiago<\/a><\/span><br \/>\n<span style=\"color: #6b6a6a;\">\u25cb Rebeca Leite Camarotto<\/span><br \/>\n<span style=\"color: #6b6a6a;\">\u25cb <a style=\"color: #6b6a6a;\" href=\"http:\/\/lattes.cnpq.br\/8237273913629158\">Regina Szylit<\/a><\/span><br \/>\n<span style=\"color: #6b6a6a;\">\u25cb <a style=\"color: #6b6a6a;\" href=\"https:\/\/lattes.cnpq.br\/4049473460911945\">Renata Eloah de Lucena Ferretti-Rebustini<\/a><\/span><br \/>\n<span style=\"color: #6b6a6a;\">\u25cb <a style=\"color: #6b6a6a;\" href=\"http:\/\/lattes.cnpq.br\/7985569105856192\">Renato Pereira de Souza<\/a><\/span><br \/>\n<span style=\"color: #6b6a6a;\">\u25cb <a style=\"color: #6b6a6a;\" href=\"https:\/\/lattes.cnpq.br\/9103603225604900\">Roberta Maria Savieto<\/a><\/span><br \/>\n<span style=\"color: #6b6a6a;\">\u25cb <a style=\"color: #6b6a6a;\" href=\"http:\/\/lattes.cnpq.br\/7357500688517011\">Rubens Rangel Silva<\/a><\/span><br \/>\n<span style=\"color: #6b6a6a;\">\u25cb Samanta Gouveia Parisi<\/span><br \/>\n<span style=\"color: #6b6a6a;\">\u25cb Samantha Orui<\/span><br \/>\n<span style=\"color: #6b6a6a;\">\u25cb Sandra de Souza Hacon<\/span><br \/>\n<span style=\"color: #6b6a6a;\">\u25cb Sara Lopes de Moraes<br \/>\n<span style=\"color: #6b6a6a;\">\u25cb <a style=\"color: #6b6a6a;\" href=\"http:\/\/lattes.cnpq.br\/4069007603271067\">Saulo Delfino Barboza<\/a><\/span><br \/>\n<span style=\"color: #6b6a6a;\">\u25cb <a style=\"color: #6b6a6a;\" href=\"http:\/\/lattes.cnpq.br\/7373562130327980\">Sem\u00edramis Martins \u00c1lvares Domene<\/a><\/span><br \/>\n<span style=\"color: #6b6a6a;\">\u25cb <a style=\"color: #6b6a6a;\" href=\"http:\/\/lattes.cnpq.br\/9090107411611255\">Sheina Koffler<\/a><\/span><br \/>\n<span style=\"color: #6b6a6a;\">\u25cb <a style=\"color: #6b6a6a;\" href=\"http:\/\/lattes.cnpq.br\/6462625578605518\">Simone Freitas Fuso<\/a><\/span><br \/>\n<span style=\"color: #6b6a6a;\">\u25cb Simone Sena Fernandes<\/span><br \/>\n<span style=\"color: #6b6a6a;\">\u25cb <a style=\"color: #6b6a6a;\" href=\"http:\/\/lattes.cnpq.br\/4670758511109187\">Tatiana Souza de Camargo<\/a><\/span><br \/>\n<span style=\"color: #6b6a6a;\">\u25cb <a style=\"color: #6b6a6a;\" href=\"http:\/\/lattes.cnpq.br\/3194960925056294\">Telma de Cassia dos Santos Nery<\/a><\/span><br \/>\n<span style=\"color: #6b6a6a;\">\u25cb <a style=\"color: #6b6a6a;\" href=\"http:\/\/lattes.cnpq.br\/0871254817010787\">Tha\u00eds Presa Martins<\/a><\/span><br \/>\n<span style=\"color: #6b6a6a;\">\u25cb <a style=\"color: #6b6a6a;\" href=\"https:\/\/lattes.cnpq.br\/0308508923452733\">Thiago Felipe Melo de Lima<\/a><\/span><br \/>\n<span style=\"color: #6b6a6a;\">\u25cb <a style=\"color: #6b6a6a;\" href=\"http:\/\/lattes.cnpq.br\/7207036306463584\">Uiara Bandineli Montedo<\/a><\/span><br \/>\n<span style=\"color: #6b6a6a;\">\u25cb <a style=\"color: #6b6a6a;\" href=\"http:\/\/lattes.cnpq.br\/2799422068207411\">Vanessa de Araujo Goes<\/a><\/span><br \/>\n<span style=\"color: #6b6a6a;\">\u25cb <a style=\"color: #6b6a6a;\" href=\"http:\/\/lattes.cnpq.br\/9914920055960487\">V\u00e2nia Santos Figueiredo<\/a><\/span><br \/>\n<span style=\"color: #6b6a6a;\">\u25cb <a style=\"color: #6b6a6a;\" href=\"http:\/\/lattes.cnpq.br\/4704019148951034\">Victor Uehara Kanashiro<\/a><\/span><br \/>\n<span style=\"color: #6b6a6a;\">\u25cb <a style=\"color: #6b6a6a;\" href=\"http:\/\/lattes.cnpq.br\/7368844829939208\">Vivian Aparecida Blaso Souza Soares C\u00e9sar<\/a><\/span><br \/>\n<span style=\"color: #6b6a6a;\">\u25cb <a style=\"color: #6b6a6a;\">Walderson Baptista Bonif\u00e1cio<\/a><\/span><br \/>\n<span style=\"color: #6b6a6a;\">\u25cb <a style=\"color: #6b6a6a;\" href=\"https:\/\/lattes.cnpq.br\/2834954265834678\">Wilian Fran\u00e7a Costa<\/a><\/span><br \/>\n<span style=\"color: #6b6a6a;\">\u25cb <a style=\"color: #6b6a6a;\" href=\"http:\/\/lattes.cnpq.br\/2997377488336688\">Ylana Elias Rodrigues<\/a><\/span><\/span><\/p>\n<\/div>\n<\/div><\/div><\/div><\/div><\/div>","protected":false},"excerpt":{"rendered":"<p>Membros \u25cb Airton Tetelbom Stein \u25cb Alex da Silva Sousa \u25cb Alex Henrique Brasil Bri\u00e3o de Oliveira \u25cb Alexandre Cl\u00e1udio Botazzo Delbem \u25cb Aline Martins de Carvalho \u25cb Alisson Diego Machado \u25cb Ana Fl\u00e1via Barros-Platiau \u25cb Ana Maria Fonseca Zampieri \u25cb Ana Rosa de Oliveira \u25cb Ana Sfoggia \u25cb Andre Luis Acosta \u25cb Andrea Lanza<a href=\"https:\/\/saudeplanetaria.iea.usp.br\/pt\/membros\/\">[&#8230;]<\/a><\/p>\n","protected":false},"author":23586,"featured_media":0,"parent":0,"menu_order":0,"comment_status":"closed","ping_status":"closed","template":"template-fullwidth-no-title.php","meta":{"_monsterinsights_skip_tracking":false,"_monsterinsights_sitenote_active":false,"_monsterinsights_sitenote_note":"","_monsterinsights_sitenote_category":0,"footnotes":"","_links_to":"","_links_to_target":""},"class_list":["post-2938","page","type-page","status-publish","hentry"],"_links":{"self":[{"href":"https:\/\/saudeplanetaria.iea.usp.br\/pt\/wp-json\/wp\/v2\/pages\/2938","targetHints":{"allow":["GET"]}}],"collection":[{"href":"https:\/\/saudeplanetaria.iea.usp.br\/pt\/wp-json\/wp\/v2\/pages"}],"about":[{"href":"https:\/\/saudeplanetaria.iea.usp.br\/pt\/wp-json\/wp\/v2\/types\/page"}],"author":[{"embeddable":true,"href":"https:\/\/saudeplanetaria.iea.usp.br\/pt\/wp-json\/wp\/v2\/users\/23586"}],"replies":[{"embeddable":true,"href":"https:\/\/saudeplanetaria.iea.usp.br\/pt\/wp-json\/wp\/v2\/comments?post=2938"}],"version-history":[{"count":3,"href":"https:\/\/saudeplanetaria.iea.usp.br\/pt\/wp-json\/wp\/v2\/pages\/2938\/revisions"}],"predecessor-version":[{"id":3831,"href":"https:\/\/saudeplanetaria.iea.usp.br\/pt\/wp-json\/wp\/v2\/pages\/2938\/revisions\/3831"}],"wp:attachment":[{"href":"https:\/\/saudeplanetaria.iea.usp.br\/pt\/wp-json\/wp\/v2\/media?parent=2938"}],"curies":[{"name":"wp","href":"https:\/\/api.w.org\/{rel}","templated":true}]}}