{"id":3255,"date":"2024-11-27T10:48:45","date_gmt":"2024-11-27T13:48:45","guid":{"rendered":"https:\/\/saudeplanetaria.iea.usp.br\/?page_id=3255"},"modified":"2024-12-11T13:17:02","modified_gmt":"2024-12-11T16:17:02","slug":"projeto-delta","status":"publish","type":"page","link":"https:\/\/saudeplanetaria.iea.usp.br\/pt\/projeto-delta\/","title":{"rendered":"Delta"},"content":{"rendered":"<div id=\"pl-3255\"  class=\"panel-layout\" ><div id=\"pg-3255-0\"  class=\"panel-grid panel-has-style\" ><div class=\"siteorigin-panels-stretch panel-row-style panel-row-style-for-3255-0\" data-stretch-type=\"full-width-stretch\" ><div id=\"pgc-3255-0-0\"  class=\"panel-grid-cell\" ><div id=\"panel-3255-0-0-0\" class=\"so-panel widget widget_sow-hero panel-first-child panel-last-child\" data-index=\"0\" ><div\n\t\t\t\n\t\t\tclass=\"so-widget-sow-hero so-widget-sow-hero-default-96a3da9c2c3d-3255 so-widget-fittext-wrapper\"\n\t\t\t data-fit-text-compressor=\"0.85\"\n\t\t>\t\t\t\t<div class=\"sow-slider-base\" style=\"display: none\" tabindex=\"0\">\n\t\t\t\t\t<ul\n\t\t\t\t\tclass=\"sow-slider-images\"\n\t\t\t\t\tdata-settings=\"{&quot;pagination&quot;:true,&quot;speed&quot;:800,&quot;timeout&quot;:8000,&quot;paused&quot;:false,&quot;pause_on_hover&quot;:false,&quot;swipe&quot;:true,&quot;nav_always_show_desktop&quot;:&quot;&quot;,&quot;nav_always_show_mobile&quot;:&quot;&quot;,&quot;breakpoint&quot;:&quot;780px&quot;,&quot;unmute&quot;:false,&quot;anchor&quot;:null}\"\n\t\t\t\t\tstyle=\"min-height: 400px\"\t\t\t\t\tdata-anchor-id=\"\"\n\t\t\t\t>\t\t<li class=\"sow-slider-image  sow-slider-image-cover\" style=\"visibility: visible;;background-color: #333333;background-image: url(https:\/\/saudeplanetaria.iea.usp.br\/wp-content\/uploads\/sites\/581\/2024\/12\/capa-site-delta-editada.png)\" >\n\t\t\t\t\t<div class=\"sow-slider-image-container\">\n\t\t\t<div class=\"sow-slider-image-wrapper\">\n\t\t\t\t\t\t\t<\/div>\n\t\t<\/div>\n\t\t\t\t<\/li>\n\t\t<\/ul>\t\t\t\t<ol class=\"sow-slider-pagination\">\n\t\t\t\t\t\t\t\t\t\t\t<li><a href=\"#\" data-goto=\"0\" aria-label=\"Display slide 1\"><\/a><\/li>\n\t\t\t\t\t\t\t\t\t<\/ol>\n\n\t\t\t\t<div class=\"sow-slide-nav sow-slide-nav-next\">\n\t\t\t\t\t<a href=\"#\" data-goto=\"next\" aria-label=\"Next slide\" data-action=\"next\">\n\t\t\t\t\t\t<em class=\"sow-sld-icon-thin-right\"><\/em>\n\t\t\t\t\t<\/a>\n\t\t\t\t<\/div>\n\n\t\t\t\t<div class=\"sow-slide-nav sow-slide-nav-prev\">\n\t\t\t\t\t<a href=\"#\" data-goto=\"previous\" aria-label=\"Previous slide\" data-action=\"prev\">\n\t\t\t\t\t\t<em class=\"sow-sld-icon-thin-left\"><\/em>\n\t\t\t\t\t<\/a>\n\t\t\t\t<\/div>\n\t\t\t\t<\/div><\/div><\/div><\/div><\/div><\/div><div id=\"pg-3255-1\"  class=\"panel-grid panel-has-style\" ><div class=\"siteorigin-panels-stretch panel-row-style panel-row-style-for-3255-1\" id=\"services\" data-stretch-type=\"full\" ><div id=\"pgc-3255-1-0\"  class=\"panel-grid-cell\" ><div id=\"panel-3255-1-0-0\" class=\"so-panel widget widget_sow-headline panel-first-child panel-last-child\" data-index=\"1\" ><div\n\t\t\t\n\t\t\tclass=\"so-widget-sow-headline so-widget-sow-headline-default-e608df147752-3255 so-widget-fittext-wrapper\"\n\t\t\t data-fit-text-compressor=\"0.85\"\n\t\t><div class=\"sow-headline-container \">\n\t\t\t\t\t\t\t<h1 class=\"sow-headline\">\n\t\t\t\t\t\tProjeto Delta\t\t\t\t\t\t<\/h1>\n\t\t\t\t\t\t\t\t\t\t\t<div class=\"decoration\">\n\t\t\t\t\t\t<div class=\"decoration-inside\"><\/div>\n\t\t\t\t\t<\/div>\n\t\t\t\t\t\t\t\t\t\t\t<p class=\"sow-sub-headline\">\n\t\t\t\t\t\tSomos um grupo interdisciplinar e multic\u00eantrico de pesquisadores, apoiado pelo Departamento de Ci\u00eancia e Tecnologia da Secretaria de Ci\u00eancia, Tecnologia, Inova\u00e7\u00e3o e Complexo da Sa\u00fade, do Minist\u00e9rio da Sa\u00fade (Decit\/SECTICS\/MS) e pelo Conselho Nacional de Desenvolvimento Cient\u00edfico e Tecnol\u00f3gico (CNPq). Nosso objetivo \u00e9 estudar os efeitos das mudan\u00e7as clim\u00e1ticas e das altera\u00e7\u00f5es ambientais na epidemiologia da Dengue e Leishmaniose Visceral,  propondo solu\u00e7\u00f5es proativas e reativas que auxiliem na tomada de decis\u00f5es, buscando caminhos para mitigar os impactos dessas doen\u00e7as no Brasil.   Este grupo de pesquisa foi criado com a iniciativa do professor Ant\u00f4nio Mauro Saraiva, coordenador do grupo de estudos \u201cSa\u00fade Planet\u00e1ria Brasil\u201d, que articulou a comunica\u00e7\u00e3o entre os pesquisadores da equipe. O projeto DELTA foi o primeiro aprovado dentro do grupo de trabalho interdisciplinar \u201cmudan\u00e7as clim\u00e1ticas e sa\u00fade\u201d, contextualizado  da Sa\u00fade Planet\u00e1ria Brasil. \t\t\t\t\t\t<\/p>\n\t\t\t\t\t\t<\/div>\n<\/div><\/div><\/div><\/div><\/div><div id=\"pg-3255-2\"  class=\"panel-grid panel-has-style\" ><div class=\"siteorigin-panels-stretch panel-row-style panel-row-style-for-3255-2\" id=\"services\" data-stretch-type=\"full\" ><div id=\"pgc-3255-2-0\"  class=\"panel-grid-cell\" ><div id=\"panel-3255-2-0-0\" class=\"so-panel widget widget_sow-headline panel-first-child panel-last-child\" data-index=\"2\" ><div class=\"panel-widget-style panel-widget-style-for-3255-2-0-0\" ><div\n\t\t\t\n\t\t\tclass=\"so-widget-sow-headline so-widget-sow-headline-default-b85735d98d38-3255 so-widget-fittext-wrapper\"\n\t\t\t data-fit-text-compressor=\"0.85\"\n\t\t><div class=\"sow-headline-container \">\n\t\t\t\t\t\t\t<h1 class=\"sow-headline\">\n\t\t\t\t\t\tNosso objetivo\t\t\t\t\t\t<\/h1>\n\t\t\t\t\t\t\t\t\t\t\t<div class=\"decoration\">\n\t\t\t\t\t\t<div class=\"decoration-inside\"><\/div>\n\t\t\t\t\t<\/div>\n\t\t\t\t\t\t\t\t\t\t\t<p class=\"sow-sub-headline\">\n\t\t\t\t\t\tNosso objetivo \u00e9 avaliar o impacto das mudan\u00e7as clim\u00e1ticas na epidemiologia da Dengue e Leishmaniose Visceral, e buscar solu\u00e7\u00f5es para esse problema em escala nacional.\t\t\t\t\t\t<\/p>\n\t\t\t\t\t\t<\/div>\n<\/div><\/div><\/div><\/div><\/div><\/div><div id=\"pg-3255-3\"  class=\"panel-grid panel-has-style\" ><div class=\"siteorigin-panels-stretch panel-row-style panel-row-style-for-3255-3\" id=\"services\" data-stretch-type=\"full\" ><div id=\"pgc-3255-3-0\"  class=\"panel-grid-cell panel-grid-cell-empty\" ><\/div><\/div><\/div><div id=\"pg-3255-4\"  class=\"panel-grid panel-no-style\" ><div id=\"pgc-3255-4-0\"  class=\"panel-grid-cell panel-grid-cell-empty panel-grid-cell-mobile-last\" ><\/div><div id=\"pgc-3255-4-1\"  class=\"panel-grid-cell panel-grid-cell-empty\" ><\/div><\/div><div id=\"pg-3255-5\"  class=\"panel-grid panel-no-style\" ><div id=\"pgc-3255-5-0\"  class=\"panel-grid-cell panel-grid-cell-empty panel-grid-cell-mobile-last\" ><\/div><div id=\"pgc-3255-5-1\"  class=\"panel-grid-cell panel-grid-cell-empty\" ><\/div><\/div><div id=\"pg-3255-6\"  class=\"panel-grid panel-no-style\" ><div id=\"pgc-3255-6-0\"  class=\"panel-grid-cell\" ><div id=\"panel-3255-6-0-0\" class=\"so-panel widget widget_sow-editor panel-first-child\" data-index=\"3\" ><div\n\t\t\t\n\t\t\tclass=\"so-widget-sow-editor so-widget-sow-editor-base\"\n\t\t\t\n\t\t>\n<div class=\"siteorigin-widget-tinymce textwidget\">\n\t<h2 style=\"text-align: left;\"><span style=\"color: #000000;\">MAIS<\/span><\/h2>\n<\/div>\n<\/div><\/div><div id=\"panel-3255-6-0-1\" class=\"widget_text so-panel widget widget_custom_html panel-last-child\" data-index=\"4\" ><div class=\"widget_text panel-widget-style panel-widget-style-for-3255-6-0-1\" ><div class=\"textwidget custom-html-widget\"><h2 style=\"text-align: left; color: #000000\"><strong>- Apoio:<\/strong><\/h2>\n<h3 style=\"text-align: left; color: #000000\">Este projeto conta com o apoio do Conselho Nacional de Desenvolvimento Cient\u00edfico e Tecnol\u00f3gico \u2013 CNPq e do  Departamento de Ci\u00eancia e Tecnologia da Secretaria de Ci\u00eancia, Tecnologia, Inova\u00e7\u00e3o e Complexo da Sa\u00fade do Minist\u00e9rio da Sa\u00fade<\/h3>\n\n<h2 style=\"text-align: left; color: #000000\"><strong>- Coordenadora:<\/strong><\/h2>\n\t<ul><h3 style=\"text-align: left; color: #000000\">\n\t\t<li>Dra. M\u00e1rcia Nunes Bandeira Roner<\/li>\n\t\t<li>Universidade Federal do Sul da Bahia - UFSB<\/li>\n<li>Centro de Forma\u00e7\u00e3o em Desenvolvimento Territorial<\/li>\n<li>Pra\u00e7a Joana Ang\u00e9lica, 250. Teixeira  de Freitas - BA\nCEP: 45988-058<\/li>\n\t\t<\/h3>\n<\/ul>\n\n\n<h2 style=\"text-align: left; color: #000000\"><strong>- Contato:<\/strong><\/h2>\n<h3 style=\"text-align: left; color: #000000\">- Dra. M\u00e1rcia Nunes Bandeira Roner<\/h3>\n<h3 style=\"text-align: left; color: #000000\"><a href=\"mailto:marciaroner12@gmail.com\"> Enviar e-mail<\/a><\/h3>\n\n\n<\/div><\/div><\/div><\/div><\/div><div id=\"pg-3255-7\"  class=\"panel-grid panel-no-style\" ><div id=\"pgc-3255-7-0\"  class=\"panel-grid-cell\" ><div id=\"panel-3255-7-0-0\" class=\"widget_text so-panel widget widget_custom_html panel-first-child panel-last-child\" data-index=\"5\" ><div class=\"widget_text so-rounded panel-widget-style panel-widget-style-for-3255-7-0-0\" ><div class=\"textwidget custom-html-widget\"><h2 class=\"q_team_name\" style=\"text-align: center;\"><a href=\"https:\/\/sites.google.com\/butantan.gov.br\/delta-dengueleishmanioseclima?usp=sharing\"><strong> Website do Projeto DELTA <\/strong><\/a><\/h2>\n\n<\/div><\/div><\/div><\/div><\/div><\/div>","protected":false},"excerpt":{"rendered":"<p>Projeto Delta Somos um grupo interdisciplinar e multic\u00eantrico de pesquisadores, apoiado pelo Departamento de Ci\u00eancia e Tecnologia da Secretaria de Ci\u00eancia, Tecnologia, Inova\u00e7\u00e3o e Complexo da Sa\u00fade, do Minist\u00e9rio da Sa\u00fade (Decit\/SECTICS\/MS) e pelo Conselho Nacional de Desenvolvimento Cient\u00edfico e Tecnol\u00f3gico (CNPq). Nosso objetivo \u00e9 estudar os efeitos das mudan\u00e7as clim\u00e1ticas e das altera\u00e7\u00f5es ambientais<a href=\"https:\/\/saudeplanetaria.iea.usp.br\/pt\/projeto-delta\/\">[&#8230;]<\/a><\/p>\n","protected":false},"author":23586,"featured_media":0,"parent":0,"menu_order":0,"comment_status":"closed","ping_status":"closed","template":"template-fullwidth-no-title.php","meta":{"_monsterinsights_skip_tracking":false,"_monsterinsights_sitenote_active":false,"_monsterinsights_sitenote_note":"","_monsterinsights_sitenote_category":0,"footnotes":"","_links_to":"","_links_to_target":""},"class_list":["post-3255","page","type-page","status-publish","hentry"],"_links":{"self":[{"href":"https:\/\/saudeplanetaria.iea.usp.br\/pt\/wp-json\/wp\/v2\/pages\/3255","targetHints":{"allow":["GET"]}}],"collection":[{"href":"https:\/\/saudeplanetaria.iea.usp.br\/pt\/wp-json\/wp\/v2\/pages"}],"about":[{"href":"https:\/\/saudeplanetaria.iea.usp.br\/pt\/wp-json\/wp\/v2\/types\/page"}],"author":[{"embeddable":true,"href":"https:\/\/saudeplanetaria.iea.usp.br\/pt\/wp-json\/wp\/v2\/users\/23586"}],"replies":[{"embeddable":true,"href":"https:\/\/saudeplanetaria.iea.usp.br\/pt\/wp-json\/wp\/v2\/comments?post=3255"}],"version-history":[{"count":4,"href":"https:\/\/saudeplanetaria.iea.usp.br\/pt\/wp-json\/wp\/v2\/pages\/3255\/revisions"}],"predecessor-version":[{"id":3297,"href":"https:\/\/saudeplanetaria.iea.usp.br\/pt\/wp-json\/wp\/v2\/pages\/3255\/revisions\/3297"}],"wp:attachment":[{"href":"https:\/\/saudeplanetaria.iea.usp.br\/pt\/wp-json\/wp\/v2\/media?parent=3255"}],"curies":[{"name":"wp","href":"https:\/\/api.w.org\/{rel}","templated":true}]}}