{"id":3438,"date":"2025-02-12T13:12:55","date_gmt":"2025-02-12T16:12:55","guid":{"rendered":"https:\/\/saudeplanetaria.iea.usp.br\/?page_id=3438"},"modified":"2025-02-12T13:32:38","modified_gmt":"2025-02-12T16:32:38","slug":"quem-somos","status":"publish","type":"page","link":"https:\/\/saudeplanetaria.iea.usp.br\/pt\/quem-somos\/","title":{"rendered":"Quem Somos"},"content":{"rendered":"<div id=\"pl-3438\"  class=\"panel-layout\" ><div id=\"pg-3438-0\"  class=\"panel-grid panel-no-style\" ><div id=\"pgc-3438-0-0\"  class=\"panel-grid-cell\" ><div id=\"panel-3438-0-0-0\" class=\"so-panel widget widget_sow-editor panel-first-child panel-last-child\" data-index=\"0\" ><div class=\"panel-widget-style panel-widget-style-for-3438-0-0-0\" ><div\n\t\t\t\n\t\t\tclass=\"so-widget-sow-editor so-widget-sow-editor-base\"\n\t\t\t\n\t\t>\n<div class=\"siteorigin-widget-tinymce textwidget\">\n\t<p style=\"text-align: left; font-size: 25px; margin-top: 25px; color: black;\">Quem somos<\/p>\n<p style=\"text-align: left; font-size: 14px; color: black;\">A rede <strong>Sa\u00fade Planet\u00e1ria Brasil<\/strong> foi criada em 2019, abrigada no <a href=\"http:\/\/www.iea.usp.br\/\"><strong>Instituto de Estudos Avan\u00e7ados da USP<\/strong><\/a>, originalmente como Grupo de Estudos em Sa\u00fade Planet\u00e1ria.<\/p>\n<p>\u00c9 uma <strong>rede de pessoas e institui\u00e7\u00f5es do Brasil<\/strong> voltada a avan\u00e7ar a Sa\u00fade Planet\u00e1ria, como um campo cient\u00edfico e como um movimento da sociedade. Para alcan\u00e7ar esse objetivo promove a\u00e7\u00f5es para reverter ou minimizar os impactos da humanidade nos sistemas naturais do planeta, e a\u00e7\u00f5es para evitar ou atenuar os impactos que esses sistemas e desbalan\u00e7o causam na humanidade e nas demais formas de vida. Em suma, atuar para romper o ciclo vicioso de impactos entre humanidade e planeta.<\/p>\n<p>A <strong>participa\u00e7\u00e3o na rede \u00e9 aberta<\/strong> a pessoas e institui\u00e7\u00f5es que estejam alinhadas com essas finalidades. A lista de pessoas participantes pode ser encontrada em <a href=\"https:\/\/saudeplanetaria.iea.usp.br\/membros_nova\/\"><strong>Membros.<\/strong><\/a><\/p>\n<p>Dado que o campo da Sa\u00fade Planet\u00e1ria \u00e9 vast\u00edssimo e encampa potencialmente todas as \u00e1reas da atividade humana, organizamos <strong>Grupos de Trabalho Interdisciplinares (GTIs)<\/strong>, que permitem dar um recorte, um foco aos trabalhos, embora tendo a transdisciplinaridade como princ\u00edpio.<\/p>\n<p>Tamb\u00e9m organizamos <strong>Programas<\/strong>, que visam a alguma a\u00e7\u00e3o que tem um car\u00e1ter mais permanente no tempo. O Programa de Embaixadores de Sa\u00fade Planet\u00e1ria \u00e9 um deles.<\/p>\n<p>Al\u00e9m da participa\u00e7\u00e3o individual das pessoas, a rede SPBr \u00e9 formada tamb\u00e9m por <strong>Institui\u00e7\u00f5es<\/strong> que aderiram formalmente e indicaram representantes. <a href=\"http:\/\/saudeplanetaria.iea.usp.br\/pagina-em-construcao-new\/\"><strong>Veja aqui<\/strong><\/a> as institui\u00e7\u00f5es atualmente membros da rede.<br \/>\nEncorajamos outras institui\u00e7\u00f5es a submeterem sua candidatura a participar da rede, mediante um documento padr\u00e3o simples. As submiss\u00f5es s\u00e3o analisadas pelo Comit\u00ea de Governan\u00e7a da rede para aprova\u00e7\u00e3o.<\/p>\n<p>A gest\u00e3o da rede tem as seguintes inst\u00e2ncias: Comit\u00ea Executivo e Comit\u00ea de Governan\u00e7a.<\/p>\n<p>O <a href=\"http:\/\/saudeplanetaria.iea.usp.br\/pt\/pagina-em-construcao-new\/\"><strong>Comit\u00ea de Governan\u00e7a<\/strong><\/a> tem por miss\u00e3o supervisionar as atividades da rede, direcion\u00e1-las, propor rumos, demandar a\u00e7\u00f5es e resultados a partir da an\u00e1lise dos relat\u00f3rios. \u00c9 composto por representantes das Institui\u00e7\u00f5es que aderiram formalmente \u00e0 rede.<\/p>\n<p>O <strong>Comit\u00ea Coordenador<\/strong> \u00e9 composto pelos lideres ou coordenadores das unidades de trabalho da rede, que s\u00e3o os Grupos de Trabalho Interdisciplinares e os Programas. Esse colegiado de lideres discute a implementa\u00e7\u00e3o e articula\u00e7\u00e3o das a\u00e7\u00f5es integradas dos GTIs e Programas, trocando experi\u00eancias.<\/p>\n<\/div>\n<\/div><\/div><\/div><\/div><\/div><\/div>","protected":false},"excerpt":{"rendered":"<p>Quem somos A rede Sa\u00fade Planet\u00e1ria Brasil foi criada em 2019, abrigada no Instituto de Estudos Avan\u00e7ados da USP, originalmente como Grupo de Estudos em Sa\u00fade Planet\u00e1ria. \u00c9 uma rede de pessoas e institui\u00e7\u00f5es do Brasil voltada a avan\u00e7ar a Sa\u00fade Planet\u00e1ria, como um campo cient\u00edfico e como um movimento da sociedade. Para alcan\u00e7ar esse<a href=\"https:\/\/saudeplanetaria.iea.usp.br\/pt\/quem-somos\/\">[&#8230;]<\/a><\/p>\n","protected":false},"author":23586,"featured_media":0,"parent":0,"menu_order":0,"comment_status":"closed","ping_status":"closed","template":"template-fullwidth-no-title.php","meta":{"_monsterinsights_skip_tracking":false,"_monsterinsights_sitenote_active":false,"_monsterinsights_sitenote_note":"","_monsterinsights_sitenote_category":0,"footnotes":"","_links_to":"","_links_to_target":""},"class_list":["post-3438","page","type-page","status-publish","hentry"],"_links":{"self":[{"href":"https:\/\/saudeplanetaria.iea.usp.br\/pt\/wp-json\/wp\/v2\/pages\/3438","targetHints":{"allow":["GET"]}}],"collection":[{"href":"https:\/\/saudeplanetaria.iea.usp.br\/pt\/wp-json\/wp\/v2\/pages"}],"about":[{"href":"https:\/\/saudeplanetaria.iea.usp.br\/pt\/wp-json\/wp\/v2\/types\/page"}],"author":[{"embeddable":true,"href":"https:\/\/saudeplanetaria.iea.usp.br\/pt\/wp-json\/wp\/v2\/users\/23586"}],"replies":[{"embeddable":true,"href":"https:\/\/saudeplanetaria.iea.usp.br\/pt\/wp-json\/wp\/v2\/comments?post=3438"}],"version-history":[{"count":4,"href":"https:\/\/saudeplanetaria.iea.usp.br\/pt\/wp-json\/wp\/v2\/pages\/3438\/revisions"}],"predecessor-version":[{"id":3451,"href":"https:\/\/saudeplanetaria.iea.usp.br\/pt\/wp-json\/wp\/v2\/pages\/3438\/revisions\/3451"}],"wp:attachment":[{"href":"https:\/\/saudeplanetaria.iea.usp.br\/pt\/wp-json\/wp\/v2\/media?parent=3438"}],"curies":[{"name":"wp","href":"https:\/\/api.w.org\/{rel}","templated":true}]}}