{"id":3548,"date":"2025-03-10T15:11:29","date_gmt":"2025-03-10T18:11:29","guid":{"rendered":"https:\/\/saudeplanetaria.iea.usp.br\/?page_id=3548"},"modified":"2025-05-19T01:09:18","modified_gmt":"2025-05-19T04:09:18","slug":"publicacoes","status":"publish","type":"page","link":"https:\/\/saudeplanetaria.iea.usp.br\/pt\/publicacoes\/","title":{"rendered":"Publica\u00e7\u00f5es"},"content":{"rendered":"<div id=\"pl-3548\"  class=\"panel-layout\" ><div id=\"pg-3548-0\"  class=\"panel-grid panel-no-style\" ><div id=\"pgc-3548-0-0\"  class=\"panel-grid-cell\" ><div id=\"panel-3548-0-0-0\" class=\"so-panel widget widget_sow-image panel-first-child panel-last-child\" data-index=\"0\" ><div\n\t\t\t\n\t\t\tclass=\"so-widget-sow-image so-widget-sow-image-default-c67d20f9f743-3548\"\n\t\t\t\n\t\t>\n<div class=\"sow-image-container\">\n\t\t\t<a href=\"https:\/\/www.livrosabertos.abcd.usp.br\/portaldelivrosUSP\/catalog\/book\/1134\"\n\t\t\ttarget=\"_blank\" rel=\"noopener noreferrer\" \t\t>\n\t\t\t<img \n\tsrc=\"https:\/\/saudeplanetaria.iea.usp.br\/wp-content\/uploads\/sites\/581\/2023\/05\/destaque-sistemas-alimentares-193x300.png\" width=\"193\" height=\"300\" srcset=\"https:\/\/saudeplanetaria.iea.usp.br\/wp-content\/uploads\/sites\/581\/2023\/05\/destaque-sistemas-alimentares-193x300.png 193w, https:\/\/saudeplanetaria.iea.usp.br\/wp-content\/uploads\/sites\/581\/2023\/05\/destaque-sistemas-alimentares-386x600.png 386w, https:\/\/saudeplanetaria.iea.usp.br\/wp-content\/uploads\/sites\/581\/2023\/05\/destaque-sistemas-alimentares.png 450w\" sizes=\"(max-width: 193px) 100vw, 193px\" title=\"destaque sistemas alimentares\" alt=\"\" \t\tclass=\"so-widget-image\"\/>\n\t\t\t<\/a><\/div>\n\n<\/div><\/div><\/div><div id=\"pgc-3548-0-1\"  class=\"panel-grid-cell\" ><div id=\"panel-3548-0-1-0\" class=\"so-panel widget widget_sow-editor panel-first-child panel-last-child\" data-index=\"1\" ><div class=\"panel-widget-style panel-widget-style-for-3548-0-1-0\" ><div\n\t\t\t\n\t\t\tclass=\"so-widget-sow-editor so-widget-sow-editor-base\"\n\t\t\t\n\t\t>\n<div class=\"siteorigin-widget-tinymce textwidget\">\n\t<h2 class=\"entry-title\"><a href=\"https:\/\/www.livrosabertos.abcd.usp.br\/portaldelivrosUSP\/catalog\/book\/1134\" rel=\"bookmark\">Detetives da Comida: O que comemos e por que comemos o que comemos?<\/a><\/h2>\n<p>\u201cDetetives da Comida: O que comemos e por que comemos o que comemos?\u201d visa promover a alfabetiza\u00e7\u00e3o ambiental de jovens entre 11 e 14 anos, com foco tanto em conte\u00fados quanto em pr\u00e1ticas cient\u00edficas e a\u00e7\u00f5es de transforma\u00e7\u00e3o social. Desenvolvido em torno das rela\u00e7\u00f5es entre meio ambiente e alimenta\u00e7\u00e3o, o projeto prev\u00ea o monitoramento participativo da seguran\u00e7a alimentar na resid\u00eancia dos estudantes, contribuindo para o combate \u00e0 fome, e  envolve um curso de forma\u00e7\u00e3o continuada para professores, baseado em um livreto did\u00e1tico hom\u00f4nimo para os estudantes e uma cartilha de apoio ao ensino para os professores.<\/p>\n<\/div>\n<\/div><\/div><\/div><\/div><\/div><div id=\"pg-3548-1\"  class=\"panel-grid panel-no-style\" ><div id=\"pgc-3548-1-0\"  class=\"panel-grid-cell\" ><div id=\"panel-3548-1-0-0\" class=\"so-panel widget widget_sow-image panel-first-child panel-last-child\" data-index=\"2\" ><div\n\t\t\t\n\t\t\tclass=\"so-widget-sow-image so-widget-sow-image-default-c67d20f9f743-3548\"\n\t\t\t\n\t\t>\n<div class=\"sow-image-container\">\n\t\t\t<a href=\"https:\/\/www.livrosabertos.abcd.usp.br\/portaldelivrosUSP\/catalog\/book\/1125\"\n\t\t\ttarget=\"_blank\" rel=\"noopener noreferrer\" \t\t>\n\t\t\t<img \n\tsrc=\"https:\/\/saudeplanetaria.iea.usp.br\/wp-content\/uploads\/sites\/581\/2025\/05\/cartilha-para-quem-ensina-211x300.png\" width=\"211\" height=\"300\" srcset=\"https:\/\/saudeplanetaria.iea.usp.br\/wp-content\/uploads\/sites\/581\/2025\/05\/cartilha-para-quem-ensina-211x300.png 211w, https:\/\/saudeplanetaria.iea.usp.br\/wp-content\/uploads\/sites\/581\/2025\/05\/cartilha-para-quem-ensina-400x568.png 400w, https:\/\/saudeplanetaria.iea.usp.br\/wp-content\/uploads\/sites\/581\/2025\/05\/cartilha-para-quem-ensina.png 490w\" sizes=\"(max-width: 211px) 100vw, 211px\" title=\"cartilha para quem ensina\" alt=\"\" \t\tclass=\"so-widget-image\"\/>\n\t\t\t<\/a><\/div>\n\n<\/div><\/div><\/div><div id=\"pgc-3548-1-1\"  class=\"panel-grid-cell\" ><div id=\"panel-3548-1-1-0\" class=\"so-panel widget widget_sow-editor panel-first-child panel-last-child\" data-index=\"3\" ><div class=\"panel-widget-style panel-widget-style-for-3548-1-1-0\" ><div\n\t\t\t\n\t\t\tclass=\"so-widget-sow-editor so-widget-sow-editor-base\"\n\t\t\t\n\t\t>\n<div class=\"siteorigin-widget-tinymce textwidget\">\n\t<h2 class=\"entry-title\"><a href=\"https:\/\/www.livrosabertos.abcd.usp.br\/portaldelivrosUSP\/catalog\/book\/1125\" rel=\"bookmark\">Cartilha para quem ensina: material de apoio do livreto did\u00e1tico: \u201cDetetives da comida: o que comemos e por que comemos o que comemos?\u201d<\/a><\/h2>\n<p>O material serve de apoio ao livreto did\u00e1tico \u201cDetetives da comida: o que comemos e por que comemos o que comemos?\u201d, que traz uma Sequ\u00eancia Did\u00e1tica para estudantes do Ensino Fundamental II. Assim, a presente cartilha traz subs\u00eddios te\u00f3ricos e pr\u00e1ticos para aplica\u00e7\u00e3o da sequ\u00eancia did\u00e1tica por professores em sala de aula, bem como possibilita adapta\u00e7\u00f5es ao contexto e realidade de cada escola. Os temas abordados incluem: ci\u00eancia cidad\u00e3, ensino por investiga\u00e7\u00e3o, educomunica\u00e7\u00e3o, seguran\u00e7a e soberania alimentar e nutricional.\"<\/p>\n<\/div>\n<\/div><\/div><\/div><\/div><\/div><div id=\"pg-3548-2\"  class=\"panel-grid panel-no-style\" ><div id=\"pgc-3548-2-0\"  class=\"panel-grid-cell\" ><div id=\"panel-3548-2-0-0\" class=\"so-panel widget widget_sow-image panel-first-child panel-last-child\" data-index=\"4\" ><div\n\t\t\t\n\t\t\tclass=\"so-widget-sow-image so-widget-sow-image-default-c67d20f9f743-3548\"\n\t\t\t\n\t\t>\n<div class=\"sow-image-container\">\n\t\t\t<a href=\"https:\/\/www.livrosabertos.abcd.usp.br\/portaldelivrosUSP\/catalog\/book\/1513\"\n\t\t\ttarget=\"_blank\" rel=\"noopener noreferrer\" \t\t>\n\t\t\t<img \n\tsrc=\"https:\/\/saudeplanetaria.iea.usp.br\/wp-content\/uploads\/sites\/581\/2025\/02\/midia-estudo-236x300.jpeg\" width=\"236\" height=\"300\" srcset=\"https:\/\/saudeplanetaria.iea.usp.br\/wp-content\/uploads\/sites\/581\/2025\/02\/midia-estudo-236x300.jpeg 236w, https:\/\/saudeplanetaria.iea.usp.br\/wp-content\/uploads\/sites\/581\/2025\/02\/midia-estudo.jpeg 340w\" sizes=\"(max-width: 236px) 100vw, 236px\" title=\"midia estudo\" alt=\"\" \t\tclass=\"so-widget-image\"\/>\n\t\t\t<\/a><\/div>\n\n<\/div><\/div><\/div><div id=\"pgc-3548-2-1\"  class=\"panel-grid-cell\" ><div id=\"panel-3548-2-1-0\" class=\"so-panel widget widget_sow-editor panel-first-child panel-last-child\" data-index=\"5\" ><div class=\"panel-widget-style panel-widget-style-for-3548-2-1-0\" ><div\n\t\t\t\n\t\t\tclass=\"so-widget-sow-editor so-widget-sow-editor-base\"\n\t\t\t\n\t\t>\n<div class=\"siteorigin-widget-tinymce textwidget\">\n\t<h2 class=\"entry-title\"><a href=\"https:\/\/saudeplanetaria.iea.usp.br\/pt\/pesquisadores-do-spbr-lancam-estudo-sobre-integracao-de-politicas-de-clima-e-saude\/\" rel=\"bookmark\">Pesquisadores do SPBr lan\u00e7am estudo sobre integra\u00e7\u00e3o de pol\u00edticas de clima e sa\u00fade<\/a><\/h2>\n<p>Este \u00e9 o relat\u00f3rio nacional fruto de uma pesquisa que entrevistou 33 stakeholders de pol\u00edticas p\u00fablicas no Brasil. Trata-se de um estudo multipa\u00edses conduzido, no Brasil, por tr\u00eas pesquisadores do Sa\u00fade Planet\u00e1ria Brasil. O estudo, financiado pela Wellcome Trust, foi liderado pelo Center for Climate Change Communication,ligado \u00e0 Universidade George Mason (Virg\u00ednia, EUA).<\/p>\n<p><a href=\"https:\/\/www.livrosabertos.abcd.usp.br\/portaldelivrosUSP\/catalog\/book\/1513\">Vers\u00e3o em Portugu\u00eas<\/a><\/p>\n<p><a href=\"https:\/\/www.livrosabertos.abcd.usp.br\/portaldelivrosUSP\/catalog\/book\/1556\">Vers\u00e3o em Ingl\u00eas<\/a><\/p>\n<\/div>\n<\/div><\/div><\/div><\/div><\/div><div id=\"pg-3548-3\"  class=\"panel-grid panel-no-style\" ><div id=\"pgc-3548-3-0\"  class=\"panel-grid-cell\" ><div id=\"panel-3548-3-0-0\" class=\"so-panel widget widget_sow-image panel-first-child panel-last-child\" data-index=\"6\" ><div\n\t\t\t\n\t\t\tclass=\"so-widget-sow-image so-widget-sow-image-default-c67d20f9f743-3548\"\n\t\t\t\n\t\t>\n<div class=\"sow-image-container\">\n\t\t\t<a href=\"https:\/\/www.livrosabertos.abcd.usp.br\/portaldelivrosUSP\/catalog\/book\/1556\"\n\t\t\ttarget=\"_blank\" rel=\"noopener noreferrer\" \t\t>\n\t\t\t<img \n\tsrc=\"https:\/\/saudeplanetaria.iea.usp.br\/wp-content\/uploads\/sites\/581\/2025\/05\/relat-ingles-230x300.png\" width=\"230\" height=\"300\" srcset=\"https:\/\/saudeplanetaria.iea.usp.br\/wp-content\/uploads\/sites\/581\/2025\/05\/relat-ingles-230x300.png 230w, https:\/\/saudeplanetaria.iea.usp.br\/wp-content\/uploads\/sites\/581\/2025\/05\/relat-ingles-400x522.png 400w, https:\/\/saudeplanetaria.iea.usp.br\/wp-content\/uploads\/sites\/581\/2025\/05\/relat-ingles.png 503w\" sizes=\"(max-width: 230px) 100vw, 230px\" alt=\"\" \t\tclass=\"so-widget-image\"\/>\n\t\t\t<\/a><\/div>\n\n<\/div><\/div><\/div><div id=\"pgc-3548-3-1\"  class=\"panel-grid-cell\" ><div id=\"panel-3548-3-1-0\" class=\"so-panel widget widget_sow-editor panel-first-child panel-last-child\" data-index=\"7\" ><div class=\"panel-widget-style panel-widget-style-for-3548-3-1-0\" ><div\n\t\t\t\n\t\t\tclass=\"so-widget-sow-editor so-widget-sow-editor-base\"\n\t\t\t\n\t\t>\n<div class=\"siteorigin-widget-tinymce textwidget\">\n\t<h2 class=\"entry-title\"><a href=\"https:\/\/saudeplanetaria.iea.usp.br\/pt\/pesquisadores-do-spbr-lancam-estudo-sobre-integracao-de-politicas-de-clima-e-saude\/\" rel=\"bookmark\">Pesquisadores do SPBr lan\u00e7am estudo sobre integra\u00e7\u00e3o de pol\u00edticas de clima e sa\u00fade<\/a><\/h2>\n<p>Este \u00e9 o relat\u00f3rio nacional fruto de uma pesquisa que entrevistou 33 stakeholders de pol\u00edticas p\u00fablicas no Brasil. Trata-se de um estudo multipa\u00edses conduzido, no Brasil, por tr\u00eas pesquisadores do Sa\u00fade Planet\u00e1ria Brasil. O estudo, financiado pela Wellcome Trust, foi liderado pelo Center for Climate Change Communication,ligado \u00e0 Universidade George Mason (Virg\u00ednia, EUA).<\/p>\n<p><a href=\"https:\/\/www.livrosabertos.abcd.usp.br\/portaldelivrosUSP\/catalog\/book\/1513\">Vers\u00e3o em Portugu\u00eas<\/a><\/p>\n<p><a href=\"https:\/\/www.livrosabertos.abcd.usp.br\/portaldelivrosUSP\/catalog\/book\/1556\">Vers\u00e3o em Ingl\u00eas<\/a><\/p>\n<\/div>\n<\/div><\/div><\/div><\/div><\/div><div id=\"pg-3548-4\"  class=\"panel-grid panel-no-style\" ><div id=\"pgc-3548-4-0\"  class=\"panel-grid-cell\" ><div id=\"panel-3548-4-0-0\" class=\"so-panel widget widget_sow-image panel-first-child panel-last-child\" data-index=\"8\" ><div\n\t\t\t\n\t\t\tclass=\"so-widget-sow-image so-widget-sow-image-default-c67d20f9f743-3548\"\n\t\t\t\n\t\t>\n<div class=\"sow-image-container\">\n\t\t\t<a href=\"https:\/\/www.livrosabertos.abcd.usp.br\/portaldelivrosUSP\/catalog\/book\/1445\"\n\t\t\ttarget=\"_blank\" rel=\"noopener noreferrer\" \t\t>\n\t\t\t<img \n\tsrc=\"https:\/\/saudeplanetaria.iea.usp.br\/wp-content\/uploads\/sites\/581\/2024\/11\/Lancamento-da-Cartilha-Guia-Pratico-para-Familias-e-Educadores-300x300.jpeg\" width=\"300\" height=\"300\" srcset=\"https:\/\/saudeplanetaria.iea.usp.br\/wp-content\/uploads\/sites\/581\/2024\/11\/Lancamento-da-Cartilha-Guia-Pratico-para-Familias-e-Educadores-300x300.jpeg 300w, https:\/\/saudeplanetaria.iea.usp.br\/wp-content\/uploads\/sites\/581\/2024\/11\/Lancamento-da-Cartilha-Guia-Pratico-para-Familias-e-Educadores-1024x1024.jpeg 1024w, https:\/\/saudeplanetaria.iea.usp.br\/wp-content\/uploads\/sites\/581\/2024\/11\/Lancamento-da-Cartilha-Guia-Pratico-para-Familias-e-Educadores-150x150.jpeg 150w, https:\/\/saudeplanetaria.iea.usp.br\/wp-content\/uploads\/sites\/581\/2024\/11\/Lancamento-da-Cartilha-Guia-Pratico-para-Familias-e-Educadores-768x768.jpeg 768w, https:\/\/saudeplanetaria.iea.usp.br\/wp-content\/uploads\/sites\/581\/2024\/11\/Lancamento-da-Cartilha-Guia-Pratico-para-Familias-e-Educadores-250x250.jpeg 250w, https:\/\/saudeplanetaria.iea.usp.br\/wp-content\/uploads\/sites\/581\/2024\/11\/Lancamento-da-Cartilha-Guia-Pratico-para-Familias-e-Educadores-174x174.jpeg 174w, https:\/\/saudeplanetaria.iea.usp.br\/wp-content\/uploads\/sites\/581\/2024\/11\/Lancamento-da-Cartilha-Guia-Pratico-para-Familias-e-Educadores-45x45.jpeg 45w, https:\/\/saudeplanetaria.iea.usp.br\/wp-content\/uploads\/sites\/581\/2024\/11\/Lancamento-da-Cartilha-Guia-Pratico-para-Familias-e-Educadores-200x200.jpeg 200w, https:\/\/saudeplanetaria.iea.usp.br\/wp-content\/uploads\/sites\/581\/2024\/11\/Lancamento-da-Cartilha-Guia-Pratico-para-Familias-e-Educadores-400x400.jpeg 400w, https:\/\/saudeplanetaria.iea.usp.br\/wp-content\/uploads\/sites\/581\/2024\/11\/Lancamento-da-Cartilha-Guia-Pratico-para-Familias-e-Educadores.jpeg 1080w\" sizes=\"(max-width: 300px) 100vw, 300px\" title=\"Lan\u00e7amento da Cartilha \u201cGuia Pr\u00e1tico para Fam\u00edlias e Educadores\u201d\" alt=\"\" \t\tclass=\"so-widget-image\"\/>\n\t\t\t<\/a><\/div>\n\n<\/div><\/div><\/div><div id=\"pgc-3548-4-1\"  class=\"panel-grid-cell\" ><div id=\"panel-3548-4-1-0\" class=\"so-panel widget widget_sow-editor panel-first-child panel-last-child\" data-index=\"9\" ><div class=\"panel-widget-style panel-widget-style-for-3548-4-1-0\" ><div\n\t\t\t\n\t\t\tclass=\"so-widget-sow-editor so-widget-sow-editor-base\"\n\t\t\t\n\t\t>\n<div class=\"siteorigin-widget-tinymce textwidget\">\n\t<h2 class=\"entry-title\"><a href=\"https:\/\/www.livrosabertos.abcd.usp.br\/portaldelivrosUSP\/catalog\/book\/1445\">Educa\u00e7\u00e3o Clim\u00e1tica; Guia Pr\u00e1tico para Fam\u00edlias Cartilha Educa\u00e7\u00e3oe Educadores<\/a><\/h2>\n<p>Esta obra, desenvolvida em parceria entre Fam\u00edlias pelo Clima, Escolas pelo Clima e Sa\u00fade Planet\u00e1ria Brasil, apresenta um compilado de conte\u00fados, ferramentas e pr\u00e1ticas que apontam alguns caminhos poss\u00edveis para a inclus\u00e3o da agenda clim\u00e1tica de forma transformadora, mobilizadora e engajadora no ambiente escolar, sempre com base na melhor ci\u00eancia dispon\u00edvel.<\/p>\n<\/div>\n<\/div><\/div><\/div><\/div><\/div><div id=\"pg-3548-5\"  class=\"panel-grid panel-no-style\" ><div id=\"pgc-3548-5-0\"  class=\"panel-grid-cell\" ><div id=\"panel-3548-5-0-0\" class=\"so-panel widget widget_sow-image panel-first-child panel-last-child\" data-index=\"10\" ><div\n\t\t\t\n\t\t\tclass=\"so-widget-sow-image so-widget-sow-image-default-c67d20f9f743-3548\"\n\t\t\t\n\t\t>\n<div class=\"sow-image-container\">\n\t\t\t<a href=\"https:\/\/www.livrosabertos.abcd.usp.br\/portaldelivrosUSP\/catalog\/book\/1341\"\n\t\t\ttarget=\"_blank\" rel=\"noopener noreferrer\" \t\t>\n\t\t\t<img \n\tsrc=\"https:\/\/saudeplanetaria.iea.usp.br\/wp-content\/uploads\/sites\/581\/2025\/03\/capalivro-educ-alimentar-208x300.png\" width=\"208\" height=\"300\" srcset=\"https:\/\/saudeplanetaria.iea.usp.br\/wp-content\/uploads\/sites\/581\/2025\/03\/capalivro-educ-alimentar-208x300.png 208w, https:\/\/saudeplanetaria.iea.usp.br\/wp-content\/uploads\/sites\/581\/2025\/03\/capalivro-educ-alimentar.png 296w\" sizes=\"(max-width: 208px) 100vw, 208px\" title=\"capalivro educ alimentar\" alt=\"\" \t\tclass=\"so-widget-image\"\/>\n\t\t\t<\/a><\/div>\n\n<\/div><\/div><\/div><div id=\"pgc-3548-5-1\"  class=\"panel-grid-cell\" ><div id=\"panel-3548-5-1-0\" class=\"so-panel widget widget_sow-editor panel-first-child panel-last-child\" data-index=\"11\" ><div class=\"panel-widget-style panel-widget-style-for-3548-5-1-0\" ><div\n\t\t\t\n\t\t\tclass=\"so-widget-sow-editor so-widget-sow-editor-base\"\n\t\t\t\n\t\t>\n<div class=\"siteorigin-widget-tinymce textwidget\">\n\t<h2 class=\"entry-title\"><a href=\"https:\/\/www.livrosabertos.abcd.usp.br\/portaldelivrosUSP\/catalog\/book\/1341\">Educa\u00e7\u00e3o Alimentar e Nutricional para a Sa\u00fade Planet\u00e1ria<\/a><\/h2>\n<p>Este livro foi produzido a partir da adapta\u00e7\u00e3o dos conte\u00fados do curso semi-presencial de mesmo nome que foi oferecido pelo Sustentarea a mais de 250 educadores de 17 escolas da rede\u00a0p\u00fablica de ensino de \u00c1guas de Lind\u00f3ia, em 2023. Visa sensibilizar e conscientizar educadores sobre temas relacionados \u00e0 alimenta\u00e7\u00e3o e \u00e0 sa\u00fade planet\u00e1ria, e orient\u00e1-los para o desenvolvimento de atividades e projetos considerando os componentes curriculares e o contexto de cada escola.<\/p>\n<\/div>\n<\/div><\/div><\/div><\/div><\/div><div id=\"pg-3548-6\"  class=\"panel-grid panel-no-style\" ><div id=\"pgc-3548-6-0\"  class=\"panel-grid-cell\" ><div id=\"panel-3548-6-0-0\" class=\"so-panel widget widget_sow-image panel-first-child panel-last-child\" data-index=\"12\" ><div\n\t\t\t\n\t\t\tclass=\"so-widget-sow-image so-widget-sow-image-default-c67d20f9f743-3548\"\n\t\t\t\n\t\t>\n<div class=\"sow-image-container\">\n\t\t\t<a href=\"https:\/\/www.livrosabertos.abcd.usp.br\/portaldelivrosUSP\/catalog\/book\/1126\"\n\t\t\ttarget=\"_blank\" rel=\"noopener noreferrer\" \t\t>\n\t\t\t<img \n\tsrc=\"https:\/\/saudeplanetaria.iea.usp.br\/wp-content\/uploads\/sites\/581\/2025\/03\/alforja-capa.png\" width=\"300\" height=\"298\" srcset=\"https:\/\/saudeplanetaria.iea.usp.br\/wp-content\/uploads\/sites\/581\/2025\/03\/alforja-capa.png 300w, https:\/\/saudeplanetaria.iea.usp.br\/wp-content\/uploads\/sites\/581\/2025\/03\/alforja-capa-150x150.png 150w, https:\/\/saudeplanetaria.iea.usp.br\/wp-content\/uploads\/sites\/581\/2025\/03\/alforja-capa-174x174.png 174w, https:\/\/saudeplanetaria.iea.usp.br\/wp-content\/uploads\/sites\/581\/2025\/03\/alforja-capa-45x45.png 45w, https:\/\/saudeplanetaria.iea.usp.br\/wp-content\/uploads\/sites\/581\/2025\/03\/alforja-capa-200x200.png 200w\" sizes=\"(max-width: 300px) 100vw, 300px\" title=\"alforja capa\" alt=\"\" \t\tclass=\"so-widget-image\"\/>\n\t\t\t<\/a><\/div>\n\n<\/div><\/div><\/div><div id=\"pgc-3548-6-1\"  class=\"panel-grid-cell\" ><div id=\"panel-3548-6-1-0\" class=\"so-panel widget widget_sow-editor panel-first-child panel-last-child\" data-index=\"13\" ><div class=\"panel-widget-style panel-widget-style-for-3548-6-1-0\" ><div\n\t\t\t\n\t\t\tclass=\"so-widget-sow-editor so-widget-sow-editor-base\"\n\t\t\t\n\t\t>\n<div class=\"siteorigin-widget-tinymce textwidget\">\n\t<h2 class=\"entry-title\"><a href=\"https:\/\/www.livrosabertos.abcd.usp.br\/portaldelivrosUSP\/catalog\/book\/1126\">Alforja Educativa: Sa\u00fade Escolar e Mundo Microbiano<\/a><\/h2>\n<p>Este volume faz parte da Alforja Educativa \u201cSa\u00fade Escolar e Mundo Microbiano\u201d, um conjunto rico, diversificado e harmonioso de guias, can\u00e7\u00f5es, hist\u00f3rias e v\u00eddeos, resultado de v\u00e1rios anos de trabalho coletivo. A obra cont\u00e9m um material pedag\u00f3gico e ferramentas pr\u00e1ticas de aprendizagem para apoiar o trabalho de professores e promotores de sa\u00fade em salas de aula, espa\u00e7os de aprendizagem e comunidades.<\/p>\n<\/div>\n<\/div><\/div><\/div><\/div><\/div><div id=\"pg-3548-7\"  class=\"panel-grid panel-no-style\" ><div id=\"pgc-3548-7-0\"  class=\"panel-grid-cell\" ><div id=\"panel-3548-7-0-0\" class=\"so-panel widget widget_sow-image panel-first-child panel-last-child\" data-index=\"14\" ><div\n\t\t\t\n\t\t\tclass=\"so-widget-sow-image so-widget-sow-image-default-c67d20f9f743-3548\"\n\t\t\t\n\t\t>\n<div class=\"sow-image-container\">\n\t\t\t<a href=\"https:\/\/zenodo.org\/records\/6373367\"\n\t\t\ttarget=\"_blank\" rel=\"noopener noreferrer\" \t\t>\n\t\t\t<img \n\tsrc=\"https:\/\/saudeplanetaria.iea.usp.br\/wp-content\/uploads\/sites\/581\/2024\/07\/phan2021-canva2-300x219.png\" width=\"300\" height=\"219\" srcset=\"https:\/\/saudeplanetaria.iea.usp.br\/wp-content\/uploads\/sites\/581\/2024\/07\/phan2021-canva2-300x219.png 300w, https:\/\/saudeplanetaria.iea.usp.br\/wp-content\/uploads\/sites\/581\/2024\/07\/phan2021-canva2-768x562.png 768w, https:\/\/saudeplanetaria.iea.usp.br\/wp-content\/uploads\/sites\/581\/2024\/07\/phan2021-canva2-400x293.png 400w, https:\/\/saudeplanetaria.iea.usp.br\/wp-content\/uploads\/sites\/581\/2024\/07\/phan2021-canva2.png 812w\" sizes=\"(max-width: 300px) 100vw, 300px\" alt=\"\" \t\tclass=\"so-widget-image\"\/>\n\t\t\t<\/a><\/div>\n\n<\/div><\/div><\/div><div id=\"pgc-3548-7-1\"  class=\"panel-grid-cell\" ><div id=\"panel-3548-7-1-0\" class=\"so-panel widget widget_sow-editor panel-first-child panel-last-child\" data-index=\"15\" ><div class=\"panel-widget-style panel-widget-style-for-3548-7-1-0\" ><div\n\t\t\t\n\t\t\tclass=\"so-widget-sow-editor so-widget-sow-editor-base\"\n\t\t\t\n\t\t>\n<div class=\"siteorigin-widget-tinymce textwidget\">\n\t<h2 class=\"entry-title\"><a href=\"https:\/\/zenodo.org\/records\/6373367\">2021 Planetary Health Annual Meeting and Festival Book of Abstracts: Planetary Health for All: Bridging Communities to Achieve the Great Transition<\/a><\/h2>\n<p>A publica\u00e7\u00e3o apresenta os resultados e re\u00fane trabalhos apresentados durante o quarto encontro anual da Planetary Health Alliance (PHAM2021), que foi sediado na Universidade de S\u00e3o Paulo entre os dias 25 e 30 de abril de 2021, marcando a primeira vez que uma confer\u00eancia dessa magnitude ocorreu no Sul Global. Realizada em plena pandemia da COVID-19, o evento foi realizado remotamente e contou com mais de cinco mil inscritos de 130 pa\u00edses.<\/p>\n<\/div>\n<\/div><\/div><\/div><\/div><\/div><div id=\"pg-3548-8\"  class=\"panel-grid panel-no-style\" ><div id=\"pgc-3548-8-0\"  class=\"panel-grid-cell\" ><div id=\"panel-3548-8-0-0\" class=\"so-panel widget widget_sow-image panel-first-child panel-last-child\" data-index=\"16\" ><div\n\t\t\t\n\t\t\tclass=\"so-widget-sow-image so-widget-sow-image-default-c67d20f9f743-3548\"\n\t\t\t\n\t\t>\n<div class=\"sow-image-container\">\n\t\t\t<a href=\"https:\/\/zenodo.org\/records\/5348226\"\n\t\t\ttarget=\"_blank\" rel=\"noopener noreferrer\" \t\t>\n\t\t\t<img \n\tsrc=\"https:\/\/saudeplanetaria.iea.usp.br\/wp-content\/uploads\/sites\/581\/2025\/03\/capa-livro-resumos-212x300.png\" width=\"212\" height=\"300\" srcset=\"https:\/\/saudeplanetaria.iea.usp.br\/wp-content\/uploads\/sites\/581\/2025\/03\/capa-livro-resumos-212x300.png 212w, https:\/\/saudeplanetaria.iea.usp.br\/wp-content\/uploads\/sites\/581\/2025\/03\/capa-livro-resumos.png 293w\" sizes=\"(max-width: 212px) 100vw, 212px\" title=\"capa livro resumos\" alt=\"\" \t\tclass=\"so-widget-image\"\/>\n\t\t\t<\/a><\/div>\n\n<\/div><\/div><\/div><div id=\"pgc-3548-8-1\"  class=\"panel-grid-cell\" ><div id=\"panel-3548-8-1-0\" class=\"so-panel widget widget_sow-editor panel-first-child panel-last-child\" data-index=\"17\" ><div class=\"panel-widget-style panel-widget-style-for-3548-8-1-0\" ><div\n\t\t\t\n\t\t\tclass=\"so-widget-sow-editor so-widget-sow-editor-base\"\n\t\t\t\n\t\t>\n<div class=\"siteorigin-widget-tinymce textwidget\">\n\t<h2 class=\"entry-title\"><a href=\"https:\/\/zenodo.org\/records\/5348226\">Livro de Resumos: Semin\u00e1rio Sa\u00fade Planet\u00e1ria na Am\u00e9rica Latina: hora de agir!<\/a><\/h2>\n<p>Este livro apresenta resumos cient\u00edficos de uma confer\u00eancia in\u00e9dita no Brasil, realizada em 2021, e apresenta reflex\u00f5es, novas ideias e poss\u00edveis solu\u00e7\u00f5es inspiradas no conceito de Sa\u00fade Planet\u00e1ria. Apresenta resumo detalhado do evento e resultados de 23 estudos selecionados, com links para as palestras-rel\u00e2mpago gravadas e transmitidas no canal de YouTube do Sa\u00fade Planet\u00e1ria.<\/p>\n<\/div>\n<\/div><\/div><\/div><\/div><\/div><\/div>","protected":false},"excerpt":{"rendered":"<p>Detetives da Comida: O que comemos e por que comemos o que comemos? \u201cDetetives da Comida: O que comemos e por que comemos o que comemos?\u201d visa promover a alfabetiza\u00e7\u00e3o ambiental de jovens entre 11 e 14 anos, com foco tanto em conte\u00fados quanto em pr\u00e1ticas cient\u00edficas e a\u00e7\u00f5es de transforma\u00e7\u00e3o social. Desenvolvido em torno<a href=\"https:\/\/saudeplanetaria.iea.usp.br\/pt\/publicacoes\/\">[&#8230;]<\/a><\/p>\n","protected":false},"author":23586,"featured_media":0,"parent":0,"menu_order":0,"comment_status":"closed","ping_status":"closed","template":"template-fullwidth-no-title.php","meta":{"_monsterinsights_skip_tracking":false,"_monsterinsights_sitenote_active":false,"_monsterinsights_sitenote_note":"","_monsterinsights_sitenote_category":0,"footnotes":"","_links_to":"","_links_to_target":""},"class_list":["post-3548","page","type-page","status-publish","hentry"],"_links":{"self":[{"href":"https:\/\/saudeplanetaria.iea.usp.br\/pt\/wp-json\/wp\/v2\/pages\/3548","targetHints":{"allow":["GET"]}}],"collection":[{"href":"https:\/\/saudeplanetaria.iea.usp.br\/pt\/wp-json\/wp\/v2\/pages"}],"about":[{"href":"https:\/\/saudeplanetaria.iea.usp.br\/pt\/wp-json\/wp\/v2\/types\/page"}],"author":[{"embeddable":true,"href":"https:\/\/saudeplanetaria.iea.usp.br\/pt\/wp-json\/wp\/v2\/users\/23586"}],"replies":[{"embeddable":true,"href":"https:\/\/saudeplanetaria.iea.usp.br\/pt\/wp-json\/wp\/v2\/comments?post=3548"}],"version-history":[{"count":4,"href":"https:\/\/saudeplanetaria.iea.usp.br\/pt\/wp-json\/wp\/v2\/pages\/3548\/revisions"}],"predecessor-version":[{"id":3583,"href":"https:\/\/saudeplanetaria.iea.usp.br\/pt\/wp-json\/wp\/v2\/pages\/3548\/revisions\/3583"}],"wp:attachment":[{"href":"https:\/\/saudeplanetaria.iea.usp.br\/pt\/wp-json\/wp\/v2\/media?parent=3548"}],"curies":[{"name":"wp","href":"https:\/\/api.w.org\/{rel}","templated":true}]}}