{"id":558,"date":"2019-09-06T15:39:53","date_gmt":"2019-09-06T18:39:53","guid":{"rendered":"http:\/\/saudeplanetaria.iea.usp.br\/?page_id=558"},"modified":"2019-09-06T15:45:47","modified_gmt":"2019-09-06T18:45:47","slug":"planetaryhealth2021","status":"publish","type":"page","link":"https:\/\/saudeplanetaria.iea.usp.br\/pt\/planetaryhealth2021\/","title":{"rendered":"Planetary Health 2021"},"content":{"rendered":"O pr\u00f3ximo Planetary Health Meeting ser\u00e1 realizado no Brasil. Mantenha contato para mais informa\u00e7\u00f5es e acompanhe nossas redes sociais: <a href=\"https:\/\/twitter.com\/SaudePlanetaria\" target=\"_blank\" rel=\"noopener noreferrer\">Twitter<\/a>, <a href=\"https:\/\/www.facebook.com\/SaudePlanetariaBrasil\/\" target=\"_blank\" rel=\"noopener noreferrer\">Facebook <\/a>e <a href=\"https:\/\/www.instagram.com\/saudeplanetaria\/\" target=\"_blank\" rel=\"noopener noreferrer\">Instagram<\/a>!<\/p>\n<p>See you soon!!<\/p>\n<p><a href=\"http:\/\/saudeplanetaria.iea.usp.br\/wp-content\/uploads\/sites\/581\/2019\/09\/saudeplanetaria_0909.jpg\"><img loading=\"lazy\" decoding=\"async\" class=\"alignnone size-medium wp-image-560 aligncenter\" src=\"http:\/\/saudeplanetaria.iea.usp.br\/wp-content\/uploads\/sites\/581\/2019\/09\/saudeplanetaria_0909-300x225.jpg\" alt=\"\" width=\"600\" height=\"450\" srcset=\"https:\/\/saudeplanetaria.iea.usp.br\/wp-content\/uploads\/sites\/581\/2019\/09\/saudeplanetaria_0909-300x225.jpg 300w, https:\/\/saudeplanetaria.iea.usp.br\/wp-content\/uploads\/sites\/581\/2019\/09\/saudeplanetaria_0909-768x576.jpg 768w, https:\/\/saudeplanetaria.iea.usp.br\/wp-content\/uploads\/sites\/581\/2019\/09\/saudeplanetaria_0909.jpg 1024w, https:\/\/saudeplanetaria.iea.usp.br\/wp-content\/uploads\/sites\/581\/2019\/09\/saudeplanetaria_0909-285x214.jpg 285w, https:\/\/saudeplanetaria.iea.usp.br\/wp-content\/uploads\/sites\/581\/2019\/09\/saudeplanetaria_0909-80x60.jpg 80w, https:\/\/saudeplanetaria.iea.usp.br\/wp-content\/uploads\/sites\/581\/2019\/09\/saudeplanetaria_0909-400x300.jpg 400w\" sizes=\"auto, (max-width: 600px) 100vw, 600px\" \/><\/a>","protected":false},"excerpt":{"rendered":"<p>O pr\u00f3ximo Planetary Health Meeting ser\u00e1 realizado no Brasil. Mantenha contato para mais informa\u00e7\u00f5es e acompanhe nossas redes sociais: Twitter, Facebook e Instagram! See you soon!!<\/p>\n","protected":false},"author":1109,"featured_media":0,"parent":0,"menu_order":0,"comment_status":"closed","ping_status":"closed","template":"","meta":{"_monsterinsights_skip_tracking":false,"_monsterinsights_sitenote_active":false,"_monsterinsights_sitenote_note":"","_monsterinsights_sitenote_category":0,"footnotes":"","_links_to":"","_links_to_target":""},"class_list":["post-558","page","type-page","status-publish","hentry"],"_links":{"self":[{"href":"https:\/\/saudeplanetaria.iea.usp.br\/pt\/wp-json\/wp\/v2\/pages\/558","targetHints":{"allow":["GET"]}}],"collection":[{"href":"https:\/\/saudeplanetaria.iea.usp.br\/pt\/wp-json\/wp\/v2\/pages"}],"about":[{"href":"https:\/\/saudeplanetaria.iea.usp.br\/pt\/wp-json\/wp\/v2\/types\/page"}],"author":[{"embeddable":true,"href":"https:\/\/saudeplanetaria.iea.usp.br\/pt\/wp-json\/wp\/v2\/users\/1109"}],"replies":[{"embeddable":true,"href":"https:\/\/saudeplanetaria.iea.usp.br\/pt\/wp-json\/wp\/v2\/comments?post=558"}],"version-history":[{"count":4,"href":"https:\/\/saudeplanetaria.iea.usp.br\/pt\/wp-json\/wp\/v2\/pages\/558\/revisions"}],"predecessor-version":[{"id":563,"href":"https:\/\/saudeplanetaria.iea.usp.br\/pt\/wp-json\/wp\/v2\/pages\/558\/revisions\/563"}],"wp:attachment":[{"href":"https:\/\/saudeplanetaria.iea.usp.br\/pt\/wp-json\/wp\/v2\/media?parent=558"}],"curies":[{"name":"wp","href":"https:\/\/api.w.org\/{rel}","templated":true}]}}