{"id":964,"date":"2020-12-04T18:01:24","date_gmt":"2020-12-04T21:01:24","guid":{"rendered":"http:\/\/saudeplanetaria.iea.usp.br\/?page_id=964"},"modified":"2020-12-08T10:55:34","modified_gmt":"2020-12-08T13:55:34","slug":"sobre-o-programa-de-embaixadores","status":"publish","type":"page","link":"https:\/\/saudeplanetaria.iea.usp.br\/pt\/sobre-o-programa-de-embaixadores\/","title":{"rendered":"Sobre o Programa de Embaixadores"},"content":{"rendered":"<b>Programa Embaixadores de Sa\u00fade Planet\u00e1ria &#8211; Brasil<\/b><\/p>\n<p>Inspirados no exemplo <a href=\"https:\/\/www.planetaryhealthalliance.org\/phca\">da Planetary Health Alliance<\/a>, pesquisadores do Grupo Sa\u00fade Planet\u00e1ria, ligado ao IEA-USP, criaram, em 2020, a vers\u00e3o brasileira do programa Embaixadores de Sa\u00fade Planet\u00e1ria. O principal objetivo \u00e9 constituir uma rede de estudantes de gradua\u00e7\u00e3o e p\u00f3s-gradua\u00e7\u00e3o que atuem na promo\u00e7\u00e3o de atividades de divulga\u00e7\u00e3o e discuss\u00e3o do conceito de Sa\u00fade Planet\u00e1ria em suas m\u00faltiplas interfaces transdisciplinares.<\/p>\n<p><strong>Quem pode participar:<\/strong><\/p>\n<p>Estudantes de gradua\u00e7\u00e3o e p\u00f3s-gradua\u00e7\u00e3o de quaisquer cursos de institui\u00e7\u00f5es de ensino e pesquisa brasileiras. O pr\u00e9-requisito \u00e9 que cada aluno participante esteja matriculado em sua respectiva institui\u00e7\u00e3o de ensino durante toda a vig\u00eancia do programa.<\/p>\n<p><strong>Dura\u00e7\u00e3o:<\/strong><\/p>\n<p>O programa tem um ano de dura\u00e7\u00e3o.<\/p>\n<p><strong>Benef\u00edcios:<\/strong><\/p>\n<p>&#8211; Desenvolvimento pessoal<br \/>\n&#8211; Participa\u00e7\u00e3o em rede com estudantes e pesquisadores<br \/>\n&#8211; Certificado de participa\u00e7\u00e3o<\/p>\n<p>Mais detalhes: <a href=\"http:\/\/saudeplanetaria.iea.usp.br\/programa-brasileiro-de-embaixadores-de-saude-planetaria\/\">acesse aqui<\/a>","protected":false},"excerpt":{"rendered":"<p>Programa Embaixadores de Sa\u00fade Planet\u00e1ria &#8211; Brasil Inspirados no exemplo da Planetary Health Alliance, pesquisadores do Grupo Sa\u00fade Planet\u00e1ria, ligado ao IEA-USP, criaram, em 2020, a vers\u00e3o brasileira do programa Embaixadores de Sa\u00fade Planet\u00e1ria. O principal objetivo \u00e9 constituir uma rede de estudantes de gradua\u00e7\u00e3o e p\u00f3s-gradua\u00e7\u00e3o que atuem na promo\u00e7\u00e3o de atividades de divulga\u00e7\u00e3o<a href=\"https:\/\/saudeplanetaria.iea.usp.br\/pt\/sobre-o-programa-de-embaixadores\/\">[&#8230;]<\/a><\/p>\n","protected":false},"author":1109,"featured_media":0,"parent":0,"menu_order":0,"comment_status":"closed","ping_status":"closed","template":"","meta":{"_monsterinsights_skip_tracking":false,"_monsterinsights_sitenote_active":false,"_monsterinsights_sitenote_note":"","_monsterinsights_sitenote_category":0,"footnotes":"","_links_to":"","_links_to_target":""},"class_list":["post-964","page","type-page","status-publish","hentry"],"_links":{"self":[{"href":"https:\/\/saudeplanetaria.iea.usp.br\/pt\/wp-json\/wp\/v2\/pages\/964","targetHints":{"allow":["GET"]}}],"collection":[{"href":"https:\/\/saudeplanetaria.iea.usp.br\/pt\/wp-json\/wp\/v2\/pages"}],"about":[{"href":"https:\/\/saudeplanetaria.iea.usp.br\/pt\/wp-json\/wp\/v2\/types\/page"}],"author":[{"embeddable":true,"href":"https:\/\/saudeplanetaria.iea.usp.br\/pt\/wp-json\/wp\/v2\/users\/1109"}],"replies":[{"embeddable":true,"href":"https:\/\/saudeplanetaria.iea.usp.br\/pt\/wp-json\/wp\/v2\/comments?post=964"}],"version-history":[{"count":2,"href":"https:\/\/saudeplanetaria.iea.usp.br\/pt\/wp-json\/wp\/v2\/pages\/964\/revisions"}],"predecessor-version":[{"id":968,"href":"https:\/\/saudeplanetaria.iea.usp.br\/pt\/wp-json\/wp\/v2\/pages\/964\/revisions\/968"}],"wp:attachment":[{"href":"https:\/\/saudeplanetaria.iea.usp.br\/pt\/wp-json\/wp\/v2\/media?parent=964"}],"curies":[{"name":"wp","href":"https:\/\/api.w.org\/{rel}","templated":true}]}}